{"id":2451,"date":"2022-02-21T15:55:49","date_gmt":"2022-02-21T14:55:49","guid":{"rendered":"https:\/\/aerztefueraethiopien.de\/village-sponsorships\/"},"modified":"2022-06-27T10:01:03","modified_gmt":"2022-06-27T08:01:03","slug":"village-sponsorships","status":"publish","type":"page","link":"https:\/\/aerztefueraethiopien.de\/en\/projects\/village-sponsorships\/","title":{"rendered":"Village sponsorships"},"content":{"rendered":"\t\t<div data-elementor-type=\"wp-page\" data-elementor-id=\"2451\" class=\"elementor elementor-2451 elementor-1352\" data-elementor-post-type=\"page\">\n\t\t\t\t\t\t<section class=\"elementor-section elementor-top-section elementor-element elementor-element-d10d111 elementor-section-boxed elementor-section-height-default elementor-section-height-default\" data-id=\"d10d111\" data-element_type=\"section\" data-e-type=\"section\">\n\t\t\t\t\t\t<div class=\"elementor-container elementor-column-gap-default\">\n\t\t\t\t\t<div class=\"elementor-column elementor-col-100 elementor-top-column elementor-element elementor-element-f020064\" data-id=\"f020064\" data-element_type=\"column\" data-e-type=\"column\">\n\t\t\t<div class=\"elementor-widget-wrap elementor-element-populated\">\n\t\t\t\t\t\t<div class=\"elementor-element elementor-element-758da0a elementor-widget elementor-widget-image\" data-id=\"758da0a\" data-element_type=\"widget\" data-e-type=\"widget\" data-widget_type=\"image.default\">\n\t\t\t\t<div class=\"elementor-widget-container\">\n\t\t\t\t\t\t\t\t\t\t\t\t\t\t\t<img fetchpriority=\"high\" decoding=\"async\" width=\"1120\" height=\"320\" src=\"https:\/\/aerztefueraethiopien.de\/wp-content\/uploads\/dorfpatenschaften_1120x320.png\" class=\"attachment-full size-full wp-image-2411\" alt=\"Village sponsorships\" srcset=\"https:\/\/aerztefueraethiopien.de\/wp-content\/uploads\/dorfpatenschaften_1120x320.png 1120w, https:\/\/aerztefueraethiopien.de\/wp-content\/uploads\/dorfpatenschaften_1120x320-300x86.png 300w, https:\/\/aerztefueraethiopien.de\/wp-content\/uploads\/dorfpatenschaften_1120x320-1024x293.png 1024w, https:\/\/aerztefueraethiopien.de\/wp-content\/uploads\/dorfpatenschaften_1120x320-768x219.png 768w\" sizes=\"(max-width: 1120px) 100vw, 1120px\" \/>\t\t\t\t\t\t\t\t\t\t\t\t\t\t\t<\/div>\n\t\t\t\t<\/div>\n\t\t\t\t\t<\/div>\n\t\t<\/div>\n\t\t\t\t\t<\/div>\n\t\t<\/section>\n\t\t\t\t<section class=\"elementor-section elementor-top-section elementor-element elementor-element-e669e43 elementor-section-boxed elementor-section-height-default elementor-section-height-default\" data-id=\"e669e43\" data-element_type=\"section\" data-e-type=\"section\">\n\t\t\t\t\t\t<div class=\"elementor-container elementor-column-gap-default\">\n\t\t\t\t\t<div class=\"elementor-column elementor-col-100 elementor-top-column elementor-element elementor-element-c34b248\" data-id=\"c34b248\" data-element_type=\"column\" data-e-type=\"column\">\n\t\t\t<div class=\"elementor-widget-wrap elementor-element-populated\">\n\t\t\t\t\t\t<div class=\"elementor-element elementor-element-c45e7fc elementor-widget elementor-widget-heading\" data-id=\"c45e7fc\" data-element_type=\"widget\" data-e-type=\"widget\" data-widget_type=\"heading.default\">\n\t\t\t\t<div class=\"elementor-widget-container\">\n\t\t\t\t\t<h1 class=\"elementor-heading-title elementor-size-default\">Village Sponsorship<\/h1>\t\t\t\t<\/div>\n\t\t\t\t<\/div>\n\t\t\t\t<div class=\"elementor-element elementor-element-554072a elementor-widget elementor-widget-text-editor\" data-id=\"554072a\" data-element_type=\"widget\" data-e-type=\"widget\" data-widget_type=\"text-editor.default\">\n\t\t\t\t<div class=\"elementor-widget-container\">\n\t\t\t\t\t\t\t\t\t<p>We are currently looking for village sponsors. This means you are not only a <strong>sponsored child<\/strong> or a family, but an <strong>entire village!<\/strong> In <strong>connection<\/strong> with our project to build a <a href=\"https:\/\/aerztefueraethiopien.de\/en\/projects\/childrens-home\/\">children&#8217;s home<\/a>, we are looking for sponsors who can <strong>financially<\/strong> support the project while also providing <strong>security<\/strong>.<strong><br><\/strong><\/p><p>We rely on sponsorship donations to cover the costs within the village and to provide long-term security for the families.<\/p><p>Of course, we understand that various events in your life may occur that make sponsorship support no longer possible. Your sponsorship can be cancelled or paused at any time. <strong>Please talk to us<\/strong> so that we can locate a suitable replacement as soon as possible.<\/p>\t\t\t\t\t\t\t\t<\/div>\n\t\t\t\t<\/div>\n\t\t\t\t<div class=\"elementor-element elementor-element-cff9edd elementor-widget elementor-widget-text-editor\" data-id=\"cff9edd\" data-element_type=\"widget\" data-e-type=\"widget\" data-widget_type=\"text-editor.default\">\n\t\t\t\t<div class=\"elementor-widget-container\">\n\t\t\t\t\t\t\t\t\t<p>Here is how your money will be put to work:<\/p><ul><li>Accommodation<\/li><li>School attendance<\/li><li>Daily meals<\/li><li>School books and exercise books for lessons<\/li><li>One new school uniform per year<\/li><li>Emergency medical care<\/li><li>Care<\/li><li>Expenses for the teacher<\/li><li>Tutoring, excursions<\/li><li>Working groups: Handicrafts, home economics, music, home improvement<\/li><\/ul>\t\t\t\t\t\t\t\t<\/div>\n\t\t\t\t<\/div>\n\t\t\t\t<div class=\"elementor-element elementor-element-dbdad29 elementor-widget elementor-widget-text-editor\" data-id=\"dbdad29\" data-element_type=\"widget\" data-e-type=\"widget\" data-widget_type=\"text-editor.default\">\n\t\t\t\t<div class=\"elementor-widget-container\">\n\t\t\t\t\t\t\t\t\t<p><strong>Would you like to take over a village sponsorship?<\/strong><\/p><p>Starting from 35\u20ac per month the support by a village sponsorship is possible. Please contact us via the contact form and we will get back to you to clarify everything!<\/p><p> <\/p>\t\t\t\t\t\t\t\t<\/div>\n\t\t\t\t<\/div>\n\t\t\t\t<div class=\"elementor-element elementor-element-7fa3534 elementor-align-center elementor-widget elementor-widget-button\" data-id=\"7fa3534\" data-element_type=\"widget\" data-e-type=\"widget\" data-widget_type=\"button.default\">\n\t\t\t\t<div class=\"elementor-widget-container\">\n\t\t\t\t\t\t\t\t\t<div class=\"elementor-button-wrapper\">\n\t\t\t\t\t<a class=\"elementor-button elementor-button-link elementor-size-sm\" href=\"https:\/\/aerztefueraethiopien.de\/en\/contact\/\">\n\t\t\t\t\t\t<span class=\"elementor-button-content-wrapper\">\n\t\t\t\t\t\t\t\t\t<span class=\"elementor-button-text\">Become a Sponsor Now<\/span>\n\t\t\t\t\t<\/span>\n\t\t\t\t\t<\/a>\n\t\t\t\t<\/div>\n\t\t\t\t\t\t\t\t<\/div>\n\t\t\t\t<\/div>\n\t\t\t\t\t<\/div>\n\t\t<\/div>\n\t\t\t\t\t<\/div>\n\t\t<\/section>\n\t\t\t\t<\/div>\n\t\t","protected":false},"excerpt":{"rendered":"<p>Village Sponsorship We are currently looking for village sponsors. This means you are not only a sponsored child or a family, but an entire village! In connection with our project to build a children&#8217;s home, we are looking for sponsors who can financially support the project while also providing security. We rely on sponsorship donations [&hellip;]<\/p>\n","protected":false},"author":1,"featured_media":0,"parent":2517,"menu_order":0,"comment_status":"closed","ping_status":"closed","template":"elementor_header_footer","meta":{"footnotes":""},"class_list":["post-2451","page","type-page","status-publish","hentry"],"yoast_head":"<!-- This site is optimized with the Yoast SEO plugin v27.4 - https:\/\/yoast.com\/product\/yoast-seo-wordpress\/ -->\n<title>Village sponsorships - \u00c4rzte f\u00fcr \u00c4thiopien e.V.<\/title>\n<meta name=\"robots\" content=\"index, follow, max-snippet:-1, max-image-preview:large, max-video-preview:-1\" \/>\n<link rel=\"canonical\" href=\"https:\/\/aerztefueraethiopien.de\/en\/projects\/village-sponsorships\/\" \/>\n<meta property=\"og:locale\" content=\"en_US\" \/>\n<meta property=\"og:type\" content=\"article\" \/>\n<meta property=\"og:title\" content=\"Village sponsorships - \u00c4rzte f\u00fcr \u00c4thiopien e.V.\" \/>\n<meta property=\"og:description\" content=\"Village Sponsorship We are currently looking for village sponsors. This means you are not only a sponsored child or a family, but an entire village! In connection with our project to build a children&#8217;s home, we are looking for sponsors who can financially support the project while also providing security. We rely on sponsorship donations [&hellip;]\" \/>\n<meta property=\"og:url\" content=\"https:\/\/aerztefueraethiopien.de\/en\/projects\/village-sponsorships\/\" \/>\n<meta property=\"og:site_name\" content=\"\u00c4rzte f\u00fcr \u00c4thiopien e.V.\" \/>\n<meta property=\"article:modified_time\" content=\"2022-06-27T08:01:03+00:00\" \/>\n<meta property=\"og:image\" content=\"https:\/\/aerztefueraethiopien.de\/wp-content\/uploads\/dorfpatenschaften_1120x320.png\" \/>\n<meta name=\"twitter:card\" content=\"summary_large_image\" \/>\n<meta name=\"twitter:label1\" content=\"Est. reading time\" \/>\n\t<meta name=\"twitter:data1\" content=\"1 minute\" \/>\n<script type=\"application\/ld+json\" class=\"yoast-schema-graph\">{\"@context\":\"https:\\\/\\\/schema.org\",\"@graph\":[{\"@type\":\"WebPage\",\"@id\":\"https:\\\/\\\/aerztefueraethiopien.de\\\/en\\\/projects\\\/village-sponsorships\\\/\",\"url\":\"https:\\\/\\\/aerztefueraethiopien.de\\\/en\\\/projects\\\/village-sponsorships\\\/\",\"name\":\"Village sponsorships - \u00c4rzte f\u00fcr \u00c4thiopien e.V.\",\"isPartOf\":{\"@id\":\"https:\\\/\\\/aerztefueraethiopien.de\\\/en\\\/#website\"},\"primaryImageOfPage\":{\"@id\":\"https:\\\/\\\/aerztefueraethiopien.de\\\/en\\\/projects\\\/village-sponsorships\\\/#primaryimage\"},\"image\":{\"@id\":\"https:\\\/\\\/aerztefueraethiopien.de\\\/en\\\/projects\\\/village-sponsorships\\\/#primaryimage\"},\"thumbnailUrl\":\"https:\\\/\\\/aerztefueraethiopien.de\\\/wp-content\\\/uploads\\\/dorfpatenschaften_1120x320.png\",\"datePublished\":\"2022-02-21T14:55:49+00:00\",\"dateModified\":\"2022-06-27T08:01:03+00:00\",\"breadcrumb\":{\"@id\":\"https:\\\/\\\/aerztefueraethiopien.de\\\/en\\\/projects\\\/village-sponsorships\\\/#breadcrumb\"},\"inLanguage\":\"en-US\",\"potentialAction\":[{\"@type\":\"ReadAction\",\"target\":[\"https:\\\/\\\/aerztefueraethiopien.de\\\/en\\\/projects\\\/village-sponsorships\\\/\"]}]},{\"@type\":\"ImageObject\",\"inLanguage\":\"en-US\",\"@id\":\"https:\\\/\\\/aerztefueraethiopien.de\\\/en\\\/projects\\\/village-sponsorships\\\/#primaryimage\",\"url\":\"https:\\\/\\\/aerztefueraethiopien.de\\\/wp-content\\\/uploads\\\/dorfpatenschaften_1120x320.png\",\"contentUrl\":\"https:\\\/\\\/aerztefueraethiopien.de\\\/wp-content\\\/uploads\\\/dorfpatenschaften_1120x320.png\"},{\"@type\":\"BreadcrumbList\",\"@id\":\"https:\\\/\\\/aerztefueraethiopien.de\\\/en\\\/projects\\\/village-sponsorships\\\/#breadcrumb\",\"itemListElement\":[{\"@type\":\"ListItem\",\"position\":1,\"name\":\"Homepage\",\"item\":\"https:\\\/\\\/aerztefueraethiopien.de\\\/en\\\/\"},{\"@type\":\"ListItem\",\"position\":2,\"name\":\"Projects\",\"item\":\"https:\\\/\\\/aerztefueraethiopien.de\\\/en\\\/projekte\\\/\"},{\"@type\":\"ListItem\",\"position\":3,\"name\":\"Village sponsorships\"}]},{\"@type\":\"WebSite\",\"@id\":\"https:\\\/\\\/aerztefueraethiopien.de\\\/en\\\/#website\",\"url\":\"https:\\\/\\\/aerztefueraethiopien.de\\\/en\\\/\",\"name\":\"\u00c4rzte f\u00fcr \u00c4thiopien e.V.\",\"description\":\"Doctors for Ethiopia\",\"publisher\":{\"@id\":\"https:\\\/\\\/aerztefueraethiopien.de\\\/en\\\/#organization\"},\"potentialAction\":[{\"@type\":\"SearchAction\",\"target\":{\"@type\":\"EntryPoint\",\"urlTemplate\":\"https:\\\/\\\/aerztefueraethiopien.de\\\/en\\\/?s={search_term_string}\"},\"query-input\":{\"@type\":\"PropertyValueSpecification\",\"valueRequired\":true,\"valueName\":\"search_term_string\"}}],\"inLanguage\":\"en-US\"},{\"@type\":\"Organization\",\"@id\":\"https:\\\/\\\/aerztefueraethiopien.de\\\/en\\\/#organization\",\"name\":\"\u00c4rzte f\u00fcr \u00c4thiopien\",\"url\":\"https:\\\/\\\/aerztefueraethiopien.de\\\/en\\\/\",\"logo\":{\"@type\":\"ImageObject\",\"inLanguage\":\"en-US\",\"@id\":\"https:\\\/\\\/aerztefueraethiopien.de\\\/en\\\/#\\\/schema\\\/logo\\\/image\\\/\",\"url\":\"https:\\\/\\\/aerztefueraethiopien.de\\\/wp-content\\\/uploads\\\/doctors-for-ethiopia-logo.png\",\"contentUrl\":\"https:\\\/\\\/aerztefueraethiopien.de\\\/wp-content\\\/uploads\\\/doctors-for-ethiopia-logo.png\",\"width\":180,\"height\":145,\"caption\":\"\u00c4rzte f\u00fcr \u00c4thiopien\"},\"image\":{\"@id\":\"https:\\\/\\\/aerztefueraethiopien.de\\\/en\\\/#\\\/schema\\\/logo\\\/image\\\/\"}}]}<\/script>\n<!-- \/ Yoast SEO plugin. -->","yoast_head_json":{"title":"Village sponsorships - \u00c4rzte f\u00fcr \u00c4thiopien e.V.","robots":{"index":"index","follow":"follow","max-snippet":"max-snippet:-1","max-image-preview":"max-image-preview:large","max-video-preview":"max-video-preview:-1"},"canonical":"https:\/\/aerztefueraethiopien.de\/en\/projects\/village-sponsorships\/","og_locale":"en_US","og_type":"article","og_title":"Village sponsorships - \u00c4rzte f\u00fcr \u00c4thiopien e.V.","og_description":"Village Sponsorship We are currently looking for village sponsors. This means you are not only a sponsored child or a family, but an entire village! In connection with our project to build a children&#8217;s home, we are looking for sponsors who can financially support the project while also providing security. We rely on sponsorship donations [&hellip;]","og_url":"https:\/\/aerztefueraethiopien.de\/en\/projects\/village-sponsorships\/","og_site_name":"\u00c4rzte f\u00fcr \u00c4thiopien e.V.","article_modified_time":"2022-06-27T08:01:03+00:00","og_image":[{"url":"https:\/\/aerztefueraethiopien.de\/wp-content\/uploads\/dorfpatenschaften_1120x320.png","type":"","width":"","height":""}],"twitter_card":"summary_large_image","twitter_misc":{"Est. reading time":"1 minute"},"schema":{"@context":"https:\/\/schema.org","@graph":[{"@type":"WebPage","@id":"https:\/\/aerztefueraethiopien.de\/en\/projects\/village-sponsorships\/","url":"https:\/\/aerztefueraethiopien.de\/en\/projects\/village-sponsorships\/","name":"Village sponsorships - \u00c4rzte f\u00fcr \u00c4thiopien e.V.","isPartOf":{"@id":"https:\/\/aerztefueraethiopien.de\/en\/#website"},"primaryImageOfPage":{"@id":"https:\/\/aerztefueraethiopien.de\/en\/projects\/village-sponsorships\/#primaryimage"},"image":{"@id":"https:\/\/aerztefueraethiopien.de\/en\/projects\/village-sponsorships\/#primaryimage"},"thumbnailUrl":"https:\/\/aerztefueraethiopien.de\/wp-content\/uploads\/dorfpatenschaften_1120x320.png","datePublished":"2022-02-21T14:55:49+00:00","dateModified":"2022-06-27T08:01:03+00:00","breadcrumb":{"@id":"https:\/\/aerztefueraethiopien.de\/en\/projects\/village-sponsorships\/#breadcrumb"},"inLanguage":"en-US","potentialAction":[{"@type":"ReadAction","target":["https:\/\/aerztefueraethiopien.de\/en\/projects\/village-sponsorships\/"]}]},{"@type":"ImageObject","inLanguage":"en-US","@id":"https:\/\/aerztefueraethiopien.de\/en\/projects\/village-sponsorships\/#primaryimage","url":"https:\/\/aerztefueraethiopien.de\/wp-content\/uploads\/dorfpatenschaften_1120x320.png","contentUrl":"https:\/\/aerztefueraethiopien.de\/wp-content\/uploads\/dorfpatenschaften_1120x320.png"},{"@type":"BreadcrumbList","@id":"https:\/\/aerztefueraethiopien.de\/en\/projects\/village-sponsorships\/#breadcrumb","itemListElement":[{"@type":"ListItem","position":1,"name":"Homepage","item":"https:\/\/aerztefueraethiopien.de\/en\/"},{"@type":"ListItem","position":2,"name":"Projects","item":"https:\/\/aerztefueraethiopien.de\/en\/projekte\/"},{"@type":"ListItem","position":3,"name":"Village sponsorships"}]},{"@type":"WebSite","@id":"https:\/\/aerztefueraethiopien.de\/en\/#website","url":"https:\/\/aerztefueraethiopien.de\/en\/","name":"\u00c4rzte f\u00fcr \u00c4thiopien e.V.","description":"Doctors for Ethiopia","publisher":{"@id":"https:\/\/aerztefueraethiopien.de\/en\/#organization"},"potentialAction":[{"@type":"SearchAction","target":{"@type":"EntryPoint","urlTemplate":"https:\/\/aerztefueraethiopien.de\/en\/?s={search_term_string}"},"query-input":{"@type":"PropertyValueSpecification","valueRequired":true,"valueName":"search_term_string"}}],"inLanguage":"en-US"},{"@type":"Organization","@id":"https:\/\/aerztefueraethiopien.de\/en\/#organization","name":"\u00c4rzte f\u00fcr \u00c4thiopien","url":"https:\/\/aerztefueraethiopien.de\/en\/","logo":{"@type":"ImageObject","inLanguage":"en-US","@id":"https:\/\/aerztefueraethiopien.de\/en\/#\/schema\/logo\/image\/","url":"https:\/\/aerztefueraethiopien.de\/wp-content\/uploads\/doctors-for-ethiopia-logo.png","contentUrl":"https:\/\/aerztefueraethiopien.de\/wp-content\/uploads\/doctors-for-ethiopia-logo.png","width":180,"height":145,"caption":"\u00c4rzte f\u00fcr \u00c4thiopien"},"image":{"@id":"https:\/\/aerztefueraethiopien.de\/en\/#\/schema\/logo\/image\/"}}]}},"_links":{"self":[{"href":"https:\/\/aerztefueraethiopien.de\/en\/wp-json\/wp\/v2\/pages\/2451","targetHints":{"allow":["GET"]}}],"collection":[{"href":"https:\/\/aerztefueraethiopien.de\/en\/wp-json\/wp\/v2\/pages"}],"about":[{"href":"https:\/\/aerztefueraethiopien.de\/en\/wp-json\/wp\/v2\/types\/page"}],"author":[{"embeddable":true,"href":"https:\/\/aerztefueraethiopien.de\/en\/wp-json\/wp\/v2\/users\/1"}],"replies":[{"embeddable":true,"href":"https:\/\/aerztefueraethiopien.de\/en\/wp-json\/wp\/v2\/comments?post=2451"}],"version-history":[{"count":11,"href":"https:\/\/aerztefueraethiopien.de\/en\/wp-json\/wp\/v2\/pages\/2451\/revisions"}],"predecessor-version":[{"id":3096,"href":"https:\/\/aerztefueraethiopien.de\/en\/wp-json\/wp\/v2\/pages\/2451\/revisions\/3096"}],"up":[{"embeddable":true,"href":"https:\/\/aerztefueraethiopien.de\/en\/wp-json\/wp\/v2\/pages\/2517"}],"wp:attachment":[{"href":"https:\/\/aerztefueraethiopien.de\/en\/wp-json\/wp\/v2\/media?parent=2451"}],"curies":[{"name":"wp","href":"https:\/\/api.w.org\/{rel}","templated":true}]}}