{"id":2455,"date":"2022-02-21T16:04:17","date_gmt":"2022-02-21T15:04:17","guid":{"rendered":"https:\/\/aerztefueraethiopien.de\/trainings\/"},"modified":"2022-06-27T10:01:15","modified_gmt":"2022-06-27T08:01:15","slug":"trainings","status":"publish","type":"page","link":"https:\/\/aerztefueraethiopien.de\/en\/projects\/trainings\/","title":{"rendered":"Trainings"},"content":{"rendered":"\t\t<div data-elementor-type=\"wp-page\" data-elementor-id=\"2455\" class=\"elementor elementor-2455 elementor-26\" data-elementor-post-type=\"page\">\n\t\t\t\t\t\t<section class=\"elementor-section elementor-top-section elementor-element elementor-element-da64ab3 elementor-section-boxed elementor-section-height-default elementor-section-height-default\" data-id=\"da64ab3\" data-element_type=\"section\" data-e-type=\"section\">\n\t\t\t\t\t\t<div class=\"elementor-container elementor-column-gap-default\">\n\t\t\t\t\t<div class=\"elementor-column elementor-col-50 elementor-top-column elementor-element elementor-element-b8542f7\" data-id=\"b8542f7\" data-element_type=\"column\" data-e-type=\"column\">\n\t\t\t<div class=\"elementor-widget-wrap elementor-element-populated\">\n\t\t\t\t\t\t<div class=\"elementor-element elementor-element-d596796 elementor-widget elementor-widget-heading\" data-id=\"d596796\" data-element_type=\"widget\" data-e-type=\"widget\" data-widget_type=\"heading.default\">\n\t\t\t\t<div class=\"elementor-widget-container\">\n\t\t\t\t\t<h1 class=\"elementor-heading-title elementor-size-default\">Training<\/h1>\t\t\t\t<\/div>\n\t\t\t\t<\/div>\n\t\t\t\t<div class=\"elementor-element elementor-element-88f065a elementor-widget elementor-widget-text-editor\" data-id=\"88f065a\" data-element_type=\"widget\" data-e-type=\"widget\" data-widget_type=\"text-editor.default\">\n\t\t\t\t<div class=\"elementor-widget-container\">\n\t\t\t\t\t\t\t\t\t<p>One of the main pillars of our association&#8217;s work is the <strong>organization of medical training<\/strong>. Clinic staff receive <strong>training<\/strong>and <strong>participate in internships<\/strong>. We provide <strong>practical training<\/strong> in German clinics for medical specialists from Ethiopia, as well as medical-scientific symposia in Ethiopia.<\/p><p>In addition, in the specialist school of the General Hospital in Yirgalem, we organize <b>seminars and workshops<\/b> on a variety of topics. We develop a <b>clinical hygiene concept<\/b> and provide comprehensive training for the hospital staff in order to improve the hospital&#8217;s hygienic conditions, which are urgently needed.<\/p>\t\t\t\t\t\t\t\t<\/div>\n\t\t\t\t<\/div>\n\t\t\t\t\t<\/div>\n\t\t<\/div>\n\t\t\t\t<div class=\"elementor-column elementor-col-50 elementor-top-column elementor-element elementor-element-4c5b1c0\" data-id=\"4c5b1c0\" data-element_type=\"column\" data-e-type=\"column\">\n\t\t\t<div class=\"elementor-widget-wrap elementor-element-populated\">\n\t\t\t\t\t\t<div class=\"elementor-element elementor-element-8cefd59 elementor-widget elementor-widget-image\" data-id=\"8cefd59\" data-element_type=\"widget\" data-e-type=\"widget\" data-widget_type=\"image.default\">\n\t\t\t\t<div class=\"elementor-widget-container\">\n\t\t\t\t\t\t\t\t\t\t\t\t\t\t\t\t<a href=\"https:\/\/aerztefueraethiopien.de\/wp-content\/uploads\/aerzte_fuer_aethiopien_projekte_schulung_600x1000px_01.jpg\" data-elementor-open-lightbox=\"yes\" data-elementor-lightbox-title=\"Doctors for Ethiopia - Training Works\" data-e-action-hash=\"#elementor-action%3Aaction%3Dlightbox%26settings%3DeyJpZCI6MjM0MiwidXJsIjoiaHR0cHM6XC9cL2Flcnp0ZWZ1ZXJhZXRoaW9waWVuLmRlXC93cC1jb250ZW50XC91cGxvYWRzXC9hZXJ6dGVfZnVlcl9hZXRoaW9waWVuX3Byb2pla3RlX3NjaHVsdW5nXzYwMHgxMDAwcHhfMDEuanBnIn0%3D\">\n\t\t\t\t\t\t\t<img decoding=\"async\" src=\"https:\/\/aerztefueraethiopien.de\/wp-content\/uploads\/elementor\/thumbs\/aerzte_fuer_aethiopien_projekte_schulung_600x1000px_01-phgorzl6zj5ldp9lblozgt4izdbsj01fcsln03t7cg.jpg\" title=\"Doctors for Ethiopia &#8211; Training Works\" alt=\"Doctors for Ethiopia - Training Works\" loading=\"lazy\" \/>\t\t\t\t\t\t\t\t<\/a>\n\t\t\t\t\t\t\t\t\t\t\t\t\t\t\t<\/div>\n\t\t\t\t<\/div>\n\t\t\t\t\t<\/div>\n\t\t<\/div>\n\t\t\t\t\t<\/div>\n\t\t<\/section>\n\t\t\t\t<section class=\"elementor-section elementor-top-section elementor-element elementor-element-64c4fc2 elementor-section-boxed elementor-section-height-default elementor-section-height-default\" data-id=\"64c4fc2\" data-element_type=\"section\" data-e-type=\"section\">\n\t\t\t\t\t\t<div class=\"elementor-container elementor-column-gap-default\">\n\t\t\t\t\t<div class=\"elementor-column elementor-col-33 elementor-top-column elementor-element elementor-element-9f93436\" data-id=\"9f93436\" data-element_type=\"column\" data-e-type=\"column\">\n\t\t\t<div class=\"elementor-widget-wrap elementor-element-populated\">\n\t\t\t\t\t\t<div class=\"elementor-element elementor-element-55d4c1b elementor-widget elementor-widget-image\" data-id=\"55d4c1b\" data-element_type=\"widget\" data-e-type=\"widget\" data-widget_type=\"image.default\">\n\t\t\t\t<div class=\"elementor-widget-container\">\n\t\t\t\t\t\t\t\t\t\t\t\t\t\t\t\t<a href=\"https:\/\/aerztefueraethiopien.de\/wp-content\/uploads\/aerzte_fuer_aethiopien_projekte_schulung_1000x600px_04.jpg\" data-elementor-open-lightbox=\"yes\" data-elementor-lightbox-title=\"Doctors for Ethiopia - Training\" data-e-action-hash=\"#elementor-action%3Aaction%3Dlightbox%26settings%3DeyJpZCI6MjM0MCwidXJsIjoiaHR0cHM6XC9cL2Flcnp0ZWZ1ZXJhZXRoaW9waWVuLmRlXC93cC1jb250ZW50XC91cGxvYWRzXC9hZXJ6dGVfZnVlcl9hZXRoaW9waWVuX3Byb2pla3RlX3NjaHVsdW5nXzEwMDB4NjAwcHhfMDQuanBnIn0%3D\">\n\t\t\t\t\t\t\t<img fetchpriority=\"high\" decoding=\"async\" width=\"800\" height=\"480\" src=\"https:\/\/aerztefueraethiopien.de\/wp-content\/uploads\/aerzte_fuer_aethiopien_projekte_schulung_1000x600px_04.jpg\" class=\"attachment-large size-large wp-image-2340\" alt=\"Doctors for Ethiopia - Training\" srcset=\"https:\/\/aerztefueraethiopien.de\/wp-content\/uploads\/aerzte_fuer_aethiopien_projekte_schulung_1000x600px_04.jpg 1000w, https:\/\/aerztefueraethiopien.de\/wp-content\/uploads\/aerzte_fuer_aethiopien_projekte_schulung_1000x600px_04-300x180.jpg 300w, https:\/\/aerztefueraethiopien.de\/wp-content\/uploads\/aerzte_fuer_aethiopien_projekte_schulung_1000x600px_04-768x461.jpg 768w\" sizes=\"(max-width: 800px) 100vw, 800px\" \/>\t\t\t\t\t\t\t\t<\/a>\n\t\t\t\t\t\t\t\t\t\t\t\t\t\t\t<\/div>\n\t\t\t\t<\/div>\n\t\t\t\t\t<\/div>\n\t\t<\/div>\n\t\t\t\t<div class=\"elementor-column elementor-col-33 elementor-top-column elementor-element elementor-element-d6e3c85\" data-id=\"d6e3c85\" data-element_type=\"column\" data-e-type=\"column\">\n\t\t\t<div class=\"elementor-widget-wrap elementor-element-populated\">\n\t\t\t\t\t\t<div class=\"elementor-element elementor-element-aa81974 elementor-widget elementor-widget-image\" data-id=\"aa81974\" data-element_type=\"widget\" data-e-type=\"widget\" data-widget_type=\"image.default\">\n\t\t\t\t<div class=\"elementor-widget-container\">\n\t\t\t\t\t\t\t\t\t\t\t\t\t\t\t\t<a href=\"https:\/\/aerztefueraethiopien.de\/wp-content\/uploads\/aerzte_fuer_aethiopien_projekte_schulung_1000x600px_05.jpg\" data-elementor-open-lightbox=\"yes\" data-elementor-lightbox-title=\"Doctors for Ethiopia - Training Group Photo\" data-e-action-hash=\"#elementor-action%3Aaction%3Dlightbox%26settings%3DeyJpZCI6MjM0MSwidXJsIjoiaHR0cHM6XC9cL2Flcnp0ZWZ1ZXJhZXRoaW9waWVuLmRlXC93cC1jb250ZW50XC91cGxvYWRzXC9hZXJ6dGVfZnVlcl9hZXRoaW9waWVuX3Byb2pla3RlX3NjaHVsdW5nXzEwMDB4NjAwcHhfMDUuanBnIn0%3D\">\n\t\t\t\t\t\t\t<img decoding=\"async\" width=\"800\" height=\"480\" src=\"https:\/\/aerztefueraethiopien.de\/wp-content\/uploads\/aerzte_fuer_aethiopien_projekte_schulung_1000x600px_05.jpg\" class=\"attachment-large size-large wp-image-2341\" alt=\"Doctors for Ethiopia - Training Group Photo\" srcset=\"https:\/\/aerztefueraethiopien.de\/wp-content\/uploads\/aerzte_fuer_aethiopien_projekte_schulung_1000x600px_05.jpg 1000w, https:\/\/aerztefueraethiopien.de\/wp-content\/uploads\/aerzte_fuer_aethiopien_projekte_schulung_1000x600px_05-300x180.jpg 300w, https:\/\/aerztefueraethiopien.de\/wp-content\/uploads\/aerzte_fuer_aethiopien_projekte_schulung_1000x600px_05-768x461.jpg 768w\" sizes=\"(max-width: 800px) 100vw, 800px\" \/>\t\t\t\t\t\t\t\t<\/a>\n\t\t\t\t\t\t\t\t\t\t\t\t\t\t\t<\/div>\n\t\t\t\t<\/div>\n\t\t\t\t\t<\/div>\n\t\t<\/div>\n\t\t\t\t<div class=\"elementor-column elementor-col-33 elementor-top-column elementor-element elementor-element-5796193\" data-id=\"5796193\" data-element_type=\"column\" data-e-type=\"column\">\n\t\t\t<div class=\"elementor-widget-wrap elementor-element-populated\">\n\t\t\t\t\t\t<div class=\"elementor-element elementor-element-c8ee035 elementor-widget elementor-widget-image\" data-id=\"c8ee035\" data-element_type=\"widget\" data-e-type=\"widget\" data-widget_type=\"image.default\">\n\t\t\t\t<div class=\"elementor-widget-container\">\n\t\t\t\t\t\t\t\t\t\t\t\t\t\t\t\t<a href=\"https:\/\/aerztefueraethiopien.de\/wp-content\/uploads\/aerzte_fuer_aethiopien_projekte_schulung_1000x600px_03.jpg\" data-elementor-open-lightbox=\"yes\" data-elementor-lightbox-title=\"Doctors for Ethiopia - Training Presentation\" data-e-action-hash=\"#elementor-action%3Aaction%3Dlightbox%26settings%3DeyJpZCI6MjMwNSwidXJsIjoiaHR0cHM6XC9cL2Flcnp0ZWZ1ZXJhZXRoaW9waWVuLmRlXC93cC1jb250ZW50XC91cGxvYWRzXC9hZXJ6dGVfZnVlcl9hZXRoaW9waWVuX3Byb2pla3RlX3NjaHVsdW5nXzEwMDB4NjAwcHhfMDMuanBnIn0%3D\">\n\t\t\t\t\t\t\t<img decoding=\"async\" width=\"800\" height=\"480\" src=\"https:\/\/aerztefueraethiopien.de\/wp-content\/uploads\/aerzte_fuer_aethiopien_projekte_schulung_1000x600px_03.jpg\" class=\"attachment-large size-large wp-image-2305\" alt=\"Doctors for Ethiopia - Training Presentation\" srcset=\"https:\/\/aerztefueraethiopien.de\/wp-content\/uploads\/aerzte_fuer_aethiopien_projekte_schulung_1000x600px_03.jpg 1000w, https:\/\/aerztefueraethiopien.de\/wp-content\/uploads\/aerzte_fuer_aethiopien_projekte_schulung_1000x600px_03-300x180.jpg 300w, https:\/\/aerztefueraethiopien.de\/wp-content\/uploads\/aerzte_fuer_aethiopien_projekte_schulung_1000x600px_03-768x461.jpg 768w\" sizes=\"(max-width: 800px) 100vw, 800px\" \/>\t\t\t\t\t\t\t\t<\/a>\n\t\t\t\t\t\t\t\t\t\t\t\t\t\t\t<\/div>\n\t\t\t\t<\/div>\n\t\t\t\t\t<\/div>\n\t\t<\/div>\n\t\t\t\t\t<\/div>\n\t\t<\/section>\n\t\t\t\t<section class=\"elementor-section elementor-top-section elementor-element elementor-element-916045f elementor-section-boxed elementor-section-height-default elementor-section-height-default\" data-id=\"916045f\" data-element_type=\"section\" data-e-type=\"section\">\n\t\t\t\t\t\t<div class=\"elementor-container elementor-column-gap-default\">\n\t\t\t\t\t<div class=\"elementor-column elementor-col-100 elementor-top-column elementor-element elementor-element-e166e52\" data-id=\"e166e52\" data-element_type=\"column\" data-e-type=\"column\">\n\t\t\t<div class=\"elementor-widget-wrap elementor-element-populated\">\n\t\t\t\t\t\t<div class=\"elementor-element elementor-element-bf70b9a elementor-widget elementor-widget-spacer\" data-id=\"bf70b9a\" data-element_type=\"widget\" data-e-type=\"widget\" data-widget_type=\"spacer.default\">\n\t\t\t\t<div class=\"elementor-widget-container\">\n\t\t\t\t\t\t\t<div class=\"elementor-spacer\">\n\t\t\t<div class=\"elementor-spacer-inner\"><\/div>\n\t\t<\/div>\n\t\t\t\t\t\t<\/div>\n\t\t\t\t<\/div>\n\t\t\t\t<div class=\"elementor-element elementor-element-7b0b321 elementor-widget elementor-widget-heading\" data-id=\"7b0b321\" data-element_type=\"widget\" data-e-type=\"widget\" data-widget_type=\"heading.default\">\n\t\t\t\t<div class=\"elementor-widget-container\">\n\t\t\t\t\t<h2 class=\"elementor-heading-title elementor-size-default\">Current Project: \"Network Against Germs\"<\/h2>\t\t\t\t<\/div>\n\t\t\t\t<\/div>\n\t\t\t\t<div class=\"elementor-element elementor-element-fa06f9e elementor-widget elementor-widget-text-editor\" data-id=\"fa06f9e\" data-element_type=\"widget\" data-e-type=\"widget\" data-widget_type=\"text-editor.default\">\n\t\t\t\t<div class=\"elementor-widget-container\">\n\t\t\t\t\t\t\t\t\t<p class=\"MsoNormal\">The goal of the project <strong>&#8220;Network against germs&#8221;<\/strong> is to transfer knowledge on both sides, which is supported by the German Society for International Cooperation (GIZ).<\/p><p class=\"MsoNormal\">Three Ethiopian doctors and a nurse will have the opportunity to work as interns in <strong>German<\/strong> hospitals and medical <strong>practices<\/strong> for two to three weeks.<\/p><p class=\"MsoNormal\">In <strong>Ethiopia<\/strong>, doctors, clinic staff, and craftsmen from Germany will offer <strong>training<\/strong> in hygiene-related topics. <strong>Four multipliers<\/strong> will be trained during the training courses, each of whom will be responsible for one of the following occupational groups as hygiene officers:<\/p><ul><li>craftsmen\/workwomen<\/li><li>Doctors and nurses<\/li><li>kitchen staff<\/li><li>Cleaning crews<\/li><\/ul><p class=\"MsoNormal\">The optimized <strong>hygiene standards<\/strong> are intended to combat infectious diseases, such as <strong>Covid 19 diseases<\/strong>, in the long term and ensure <strong>good patient care<\/strong>.<\/p>\t\t\t\t\t\t\t\t<\/div>\n\t\t\t\t<\/div>\n\t\t\t\t\t<\/div>\n\t\t<\/div>\n\t\t\t\t\t<\/div>\n\t\t<\/section>\n\t\t\t\t<\/div>\n\t\t","protected":false},"excerpt":{"rendered":"<p>Training One of the main pillars of our association&#8217;s work is the organization of medical training. Clinic staff receive trainingand participate in internships. We provide practical training in German clinics for medical specialists from Ethiopia, as well as medical-scientific symposia in Ethiopia. In addition, in the specialist school of the General Hospital in Yirgalem, we [&hellip;]<\/p>\n","protected":false},"author":1,"featured_media":0,"parent":2517,"menu_order":0,"comment_status":"closed","ping_status":"closed","template":"elementor_header_footer","meta":{"footnotes":""},"class_list":["post-2455","page","type-page","status-publish","hentry"],"yoast_head":"<!-- This site is optimized with the Yoast SEO plugin v27.4 - https:\/\/yoast.com\/product\/yoast-seo-wordpress\/ -->\n<title>Trainings - \u00c4rzte f\u00fcr \u00c4thiopien e.V.<\/title>\n<meta name=\"robots\" content=\"index, follow, max-snippet:-1, max-image-preview:large, max-video-preview:-1\" \/>\n<link rel=\"canonical\" href=\"https:\/\/aerztefueraethiopien.de\/en\/projects\/trainings\/\" \/>\n<meta property=\"og:locale\" content=\"en_US\" \/>\n<meta property=\"og:type\" content=\"article\" \/>\n<meta property=\"og:title\" content=\"Trainings - \u00c4rzte f\u00fcr \u00c4thiopien e.V.\" \/>\n<meta property=\"og:description\" content=\"Training One of the main pillars of our association&#8217;s work is the organization of medical training. Clinic staff receive trainingand participate in internships. We provide practical training in German clinics for medical specialists from Ethiopia, as well as medical-scientific symposia in Ethiopia. In addition, in the specialist school of the General Hospital in Yirgalem, we [&hellip;]\" \/>\n<meta property=\"og:url\" content=\"https:\/\/aerztefueraethiopien.de\/en\/projects\/trainings\/\" \/>\n<meta property=\"og:site_name\" content=\"\u00c4rzte f\u00fcr \u00c4thiopien e.V.\" \/>\n<meta property=\"article:modified_time\" content=\"2022-06-27T08:01:15+00:00\" \/>\n<meta property=\"og:image\" content=\"https:\/\/aerztefueraethiopien.de\/wp-content\/uploads\/elementor\/thumbs\/aerzte_fuer_aethiopien_projekte_schulung_600x1000px_01-phgorzl6zj5ldp9lblozgt4izdbsj01fcsln03t7cg.jpg\" \/>\n<meta name=\"twitter:card\" content=\"summary_large_image\" \/>\n<meta name=\"twitter:label1\" content=\"Est. reading time\" \/>\n\t<meta name=\"twitter:data1\" content=\"2 minutes\" \/>\n<script type=\"application\/ld+json\" class=\"yoast-schema-graph\">{\"@context\":\"https:\\\/\\\/schema.org\",\"@graph\":[{\"@type\":\"WebPage\",\"@id\":\"https:\\\/\\\/aerztefueraethiopien.de\\\/en\\\/projects\\\/trainings\\\/\",\"url\":\"https:\\\/\\\/aerztefueraethiopien.de\\\/en\\\/projects\\\/trainings\\\/\",\"name\":\"Trainings - \u00c4rzte f\u00fcr \u00c4thiopien e.V.\",\"isPartOf\":{\"@id\":\"https:\\\/\\\/aerztefueraethiopien.de\\\/en\\\/#website\"},\"primaryImageOfPage\":{\"@id\":\"https:\\\/\\\/aerztefueraethiopien.de\\\/en\\\/projects\\\/trainings\\\/#primaryimage\"},\"image\":{\"@id\":\"https:\\\/\\\/aerztefueraethiopien.de\\\/en\\\/projects\\\/trainings\\\/#primaryimage\"},\"thumbnailUrl\":\"https:\\\/\\\/aerztefueraethiopien.de\\\/wp-content\\\/uploads\\\/elementor\\\/thumbs\\\/aerzte_fuer_aethiopien_projekte_schulung_600x1000px_01-phgorzl6zj5ldp9lblozgt4izdbsj01fcsln03t7cg.jpg\",\"datePublished\":\"2022-02-21T15:04:17+00:00\",\"dateModified\":\"2022-06-27T08:01:15+00:00\",\"breadcrumb\":{\"@id\":\"https:\\\/\\\/aerztefueraethiopien.de\\\/en\\\/projects\\\/trainings\\\/#breadcrumb\"},\"inLanguage\":\"en-US\",\"potentialAction\":[{\"@type\":\"ReadAction\",\"target\":[\"https:\\\/\\\/aerztefueraethiopien.de\\\/en\\\/projects\\\/trainings\\\/\"]}]},{\"@type\":\"ImageObject\",\"inLanguage\":\"en-US\",\"@id\":\"https:\\\/\\\/aerztefueraethiopien.de\\\/en\\\/projects\\\/trainings\\\/#primaryimage\",\"url\":\"https:\\\/\\\/aerztefueraethiopien.de\\\/wp-content\\\/uploads\\\/elementor\\\/thumbs\\\/aerzte_fuer_aethiopien_projekte_schulung_600x1000px_01-phgorzl6zj5ldp9lblozgt4izdbsj01fcsln03t7cg.jpg\",\"contentUrl\":\"https:\\\/\\\/aerztefueraethiopien.de\\\/wp-content\\\/uploads\\\/elementor\\\/thumbs\\\/aerzte_fuer_aethiopien_projekte_schulung_600x1000px_01-phgorzl6zj5ldp9lblozgt4izdbsj01fcsln03t7cg.jpg\"},{\"@type\":\"BreadcrumbList\",\"@id\":\"https:\\\/\\\/aerztefueraethiopien.de\\\/en\\\/projects\\\/trainings\\\/#breadcrumb\",\"itemListElement\":[{\"@type\":\"ListItem\",\"position\":1,\"name\":\"Homepage\",\"item\":\"https:\\\/\\\/aerztefueraethiopien.de\\\/en\\\/\"},{\"@type\":\"ListItem\",\"position\":2,\"name\":\"Projects\",\"item\":\"https:\\\/\\\/aerztefueraethiopien.de\\\/en\\\/projekte\\\/\"},{\"@type\":\"ListItem\",\"position\":3,\"name\":\"Trainings\"}]},{\"@type\":\"WebSite\",\"@id\":\"https:\\\/\\\/aerztefueraethiopien.de\\\/en\\\/#website\",\"url\":\"https:\\\/\\\/aerztefueraethiopien.de\\\/en\\\/\",\"name\":\"\u00c4rzte f\u00fcr \u00c4thiopien e.V.\",\"description\":\"Doctors for Ethiopia\",\"publisher\":{\"@id\":\"https:\\\/\\\/aerztefueraethiopien.de\\\/en\\\/#organization\"},\"potentialAction\":[{\"@type\":\"SearchAction\",\"target\":{\"@type\":\"EntryPoint\",\"urlTemplate\":\"https:\\\/\\\/aerztefueraethiopien.de\\\/en\\\/?s={search_term_string}\"},\"query-input\":{\"@type\":\"PropertyValueSpecification\",\"valueRequired\":true,\"valueName\":\"search_term_string\"}}],\"inLanguage\":\"en-US\"},{\"@type\":\"Organization\",\"@id\":\"https:\\\/\\\/aerztefueraethiopien.de\\\/en\\\/#organization\",\"name\":\"\u00c4rzte f\u00fcr \u00c4thiopien\",\"url\":\"https:\\\/\\\/aerztefueraethiopien.de\\\/en\\\/\",\"logo\":{\"@type\":\"ImageObject\",\"inLanguage\":\"en-US\",\"@id\":\"https:\\\/\\\/aerztefueraethiopien.de\\\/en\\\/#\\\/schema\\\/logo\\\/image\\\/\",\"url\":\"https:\\\/\\\/aerztefueraethiopien.de\\\/wp-content\\\/uploads\\\/doctors-for-ethiopia-logo.png\",\"contentUrl\":\"https:\\\/\\\/aerztefueraethiopien.de\\\/wp-content\\\/uploads\\\/doctors-for-ethiopia-logo.png\",\"width\":180,\"height\":145,\"caption\":\"\u00c4rzte f\u00fcr \u00c4thiopien\"},\"image\":{\"@id\":\"https:\\\/\\\/aerztefueraethiopien.de\\\/en\\\/#\\\/schema\\\/logo\\\/image\\\/\"}}]}<\/script>\n<!-- \/ Yoast SEO plugin. -->","yoast_head_json":{"title":"Trainings - \u00c4rzte f\u00fcr \u00c4thiopien e.V.","robots":{"index":"index","follow":"follow","max-snippet":"max-snippet:-1","max-image-preview":"max-image-preview:large","max-video-preview":"max-video-preview:-1"},"canonical":"https:\/\/aerztefueraethiopien.de\/en\/projects\/trainings\/","og_locale":"en_US","og_type":"article","og_title":"Trainings - \u00c4rzte f\u00fcr \u00c4thiopien e.V.","og_description":"Training One of the main pillars of our association&#8217;s work is the organization of medical training. Clinic staff receive trainingand participate in internships. We provide practical training in German clinics for medical specialists from Ethiopia, as well as medical-scientific symposia in Ethiopia. In addition, in the specialist school of the General Hospital in Yirgalem, we [&hellip;]","og_url":"https:\/\/aerztefueraethiopien.de\/en\/projects\/trainings\/","og_site_name":"\u00c4rzte f\u00fcr \u00c4thiopien e.V.","article_modified_time":"2022-06-27T08:01:15+00:00","og_image":[{"url":"https:\/\/aerztefueraethiopien.de\/wp-content\/uploads\/elementor\/thumbs\/aerzte_fuer_aethiopien_projekte_schulung_600x1000px_01-phgorzl6zj5ldp9lblozgt4izdbsj01fcsln03t7cg.jpg","type":"","width":"","height":""}],"twitter_card":"summary_large_image","twitter_misc":{"Est. reading time":"2 minutes"},"schema":{"@context":"https:\/\/schema.org","@graph":[{"@type":"WebPage","@id":"https:\/\/aerztefueraethiopien.de\/en\/projects\/trainings\/","url":"https:\/\/aerztefueraethiopien.de\/en\/projects\/trainings\/","name":"Trainings - \u00c4rzte f\u00fcr \u00c4thiopien e.V.","isPartOf":{"@id":"https:\/\/aerztefueraethiopien.de\/en\/#website"},"primaryImageOfPage":{"@id":"https:\/\/aerztefueraethiopien.de\/en\/projects\/trainings\/#primaryimage"},"image":{"@id":"https:\/\/aerztefueraethiopien.de\/en\/projects\/trainings\/#primaryimage"},"thumbnailUrl":"https:\/\/aerztefueraethiopien.de\/wp-content\/uploads\/elementor\/thumbs\/aerzte_fuer_aethiopien_projekte_schulung_600x1000px_01-phgorzl6zj5ldp9lblozgt4izdbsj01fcsln03t7cg.jpg","datePublished":"2022-02-21T15:04:17+00:00","dateModified":"2022-06-27T08:01:15+00:00","breadcrumb":{"@id":"https:\/\/aerztefueraethiopien.de\/en\/projects\/trainings\/#breadcrumb"},"inLanguage":"en-US","potentialAction":[{"@type":"ReadAction","target":["https:\/\/aerztefueraethiopien.de\/en\/projects\/trainings\/"]}]},{"@type":"ImageObject","inLanguage":"en-US","@id":"https:\/\/aerztefueraethiopien.de\/en\/projects\/trainings\/#primaryimage","url":"https:\/\/aerztefueraethiopien.de\/wp-content\/uploads\/elementor\/thumbs\/aerzte_fuer_aethiopien_projekte_schulung_600x1000px_01-phgorzl6zj5ldp9lblozgt4izdbsj01fcsln03t7cg.jpg","contentUrl":"https:\/\/aerztefueraethiopien.de\/wp-content\/uploads\/elementor\/thumbs\/aerzte_fuer_aethiopien_projekte_schulung_600x1000px_01-phgorzl6zj5ldp9lblozgt4izdbsj01fcsln03t7cg.jpg"},{"@type":"BreadcrumbList","@id":"https:\/\/aerztefueraethiopien.de\/en\/projects\/trainings\/#breadcrumb","itemListElement":[{"@type":"ListItem","position":1,"name":"Homepage","item":"https:\/\/aerztefueraethiopien.de\/en\/"},{"@type":"ListItem","position":2,"name":"Projects","item":"https:\/\/aerztefueraethiopien.de\/en\/projekte\/"},{"@type":"ListItem","position":3,"name":"Trainings"}]},{"@type":"WebSite","@id":"https:\/\/aerztefueraethiopien.de\/en\/#website","url":"https:\/\/aerztefueraethiopien.de\/en\/","name":"\u00c4rzte f\u00fcr \u00c4thiopien e.V.","description":"Doctors for Ethiopia","publisher":{"@id":"https:\/\/aerztefueraethiopien.de\/en\/#organization"},"potentialAction":[{"@type":"SearchAction","target":{"@type":"EntryPoint","urlTemplate":"https:\/\/aerztefueraethiopien.de\/en\/?s={search_term_string}"},"query-input":{"@type":"PropertyValueSpecification","valueRequired":true,"valueName":"search_term_string"}}],"inLanguage":"en-US"},{"@type":"Organization","@id":"https:\/\/aerztefueraethiopien.de\/en\/#organization","name":"\u00c4rzte f\u00fcr \u00c4thiopien","url":"https:\/\/aerztefueraethiopien.de\/en\/","logo":{"@type":"ImageObject","inLanguage":"en-US","@id":"https:\/\/aerztefueraethiopien.de\/en\/#\/schema\/logo\/image\/","url":"https:\/\/aerztefueraethiopien.de\/wp-content\/uploads\/doctors-for-ethiopia-logo.png","contentUrl":"https:\/\/aerztefueraethiopien.de\/wp-content\/uploads\/doctors-for-ethiopia-logo.png","width":180,"height":145,"caption":"\u00c4rzte f\u00fcr \u00c4thiopien"},"image":{"@id":"https:\/\/aerztefueraethiopien.de\/en\/#\/schema\/logo\/image\/"}}]}},"_links":{"self":[{"href":"https:\/\/aerztefueraethiopien.de\/en\/wp-json\/wp\/v2\/pages\/2455","targetHints":{"allow":["GET"]}}],"collection":[{"href":"https:\/\/aerztefueraethiopien.de\/en\/wp-json\/wp\/v2\/pages"}],"about":[{"href":"https:\/\/aerztefueraethiopien.de\/en\/wp-json\/wp\/v2\/types\/page"}],"author":[{"embeddable":true,"href":"https:\/\/aerztefueraethiopien.de\/en\/wp-json\/wp\/v2\/users\/1"}],"replies":[{"embeddable":true,"href":"https:\/\/aerztefueraethiopien.de\/en\/wp-json\/wp\/v2\/comments?post=2455"}],"version-history":[{"count":7,"href":"https:\/\/aerztefueraethiopien.de\/en\/wp-json\/wp\/v2\/pages\/2455\/revisions"}],"predecessor-version":[{"id":3097,"href":"https:\/\/aerztefueraethiopien.de\/en\/wp-json\/wp\/v2\/pages\/2455\/revisions\/3097"}],"up":[{"embeddable":true,"href":"https:\/\/aerztefueraethiopien.de\/en\/wp-json\/wp\/v2\/pages\/2517"}],"wp:attachment":[{"href":"https:\/\/aerztefueraethiopien.de\/en\/wp-json\/wp\/v2\/media?parent=2455"}],"curies":[{"name":"wp","href":"https:\/\/api.w.org\/{rel}","templated":true}]}}