{"id":2461,"date":"2022-02-21T16:33:17","date_gmt":"2022-02-21T15:33:17","guid":{"rendered":"https:\/\/aerztefueraethiopien.de\/contact\/"},"modified":"2022-04-07T10:43:04","modified_gmt":"2022-04-07T08:43:04","slug":"contact","status":"publish","type":"page","link":"https:\/\/aerztefueraethiopien.de\/en\/contact\/","title":{"rendered":"Contact"},"content":{"rendered":"\t\t<div data-elementor-type=\"wp-page\" data-elementor-id=\"2461\" class=\"elementor elementor-2461 elementor-36\" data-elementor-post-type=\"page\">\n\t\t\t\t\t\t<section class=\"elementor-section elementor-top-section elementor-element elementor-element-5c8e306 elementor-section-boxed elementor-section-height-default elementor-section-height-default\" data-id=\"5c8e306\" data-element_type=\"section\" data-e-type=\"section\">\n\t\t\t\t\t\t<div class=\"elementor-container elementor-column-gap-default\">\n\t\t\t\t\t<div class=\"elementor-column elementor-col-33 elementor-top-column elementor-element elementor-element-f182d26\" data-id=\"f182d26\" data-element_type=\"column\" data-e-type=\"column\">\n\t\t\t<div class=\"elementor-widget-wrap elementor-element-populated\">\n\t\t\t\t\t\t<div class=\"elementor-element elementor-element-b35874e elementor-position-top elementor-widget elementor-widget-image-box\" data-id=\"b35874e\" data-element_type=\"widget\" data-e-type=\"widget\" data-widget_type=\"image-box.default\">\n\t\t\t\t<div class=\"elementor-widget-container\">\n\t\t\t\t\t<div class=\"elementor-image-box-wrapper\"><figure class=\"elementor-image-box-img\"><img fetchpriority=\"high\" decoding=\"async\" width=\"1000\" height=\"1000\" src=\"https:\/\/aerztefueraethiopien.de\/wp-content\/uploads\/aerzte_fuer_aethiopien_anprechpartner.png\" class=\"attachment-full size-full wp-image-2334\" alt=\"\" srcset=\"https:\/\/aerztefueraethiopien.de\/wp-content\/uploads\/aerzte_fuer_aethiopien_anprechpartner.png 1000w, https:\/\/aerztefueraethiopien.de\/wp-content\/uploads\/aerzte_fuer_aethiopien_anprechpartner-300x300.png 300w, https:\/\/aerztefueraethiopien.de\/wp-content\/uploads\/aerzte_fuer_aethiopien_anprechpartner-150x150.png 150w, https:\/\/aerztefueraethiopien.de\/wp-content\/uploads\/aerzte_fuer_aethiopien_anprechpartner-768x768.png 768w\" sizes=\"(max-width: 1000px) 100vw, 1000px\" \/><\/figure><div class=\"elementor-image-box-content\"><h3 class=\"elementor-image-box-title\">Contact<\/h3><p class=\"elementor-image-box-description\">Tigest Sebeczek-Lakew<br>Wolfgang Agethen<\/p><\/div><\/div>\t\t\t\t<\/div>\n\t\t\t\t<\/div>\n\t\t\t\t\t<\/div>\n\t\t<\/div>\n\t\t\t\t<div class=\"elementor-column elementor-col-33 elementor-top-column elementor-element elementor-element-5cc18be\" data-id=\"5cc18be\" data-element_type=\"column\" data-e-type=\"column\">\n\t\t\t<div class=\"elementor-widget-wrap elementor-element-populated\">\n\t\t\t\t\t\t<div class=\"elementor-element elementor-element-1cc4aae elementor-position-top elementor-widget elementor-widget-image-box\" data-id=\"1cc4aae\" data-element_type=\"widget\" data-e-type=\"widget\" data-widget_type=\"image-box.default\">\n\t\t\t\t<div class=\"elementor-widget-container\">\n\t\t\t\t\t<div class=\"elementor-image-box-wrapper\"><figure class=\"elementor-image-box-img\"><img decoding=\"async\" width=\"1000\" height=\"1000\" src=\"https:\/\/aerztefueraethiopien.de\/wp-content\/uploads\/aerzte_fuer_aethiopien_adresse.png\" class=\"attachment-full size-full wp-image-2333\" alt=\"\" srcset=\"https:\/\/aerztefueraethiopien.de\/wp-content\/uploads\/aerzte_fuer_aethiopien_adresse.png 1000w, https:\/\/aerztefueraethiopien.de\/wp-content\/uploads\/aerzte_fuer_aethiopien_adresse-300x300.png 300w, https:\/\/aerztefueraethiopien.de\/wp-content\/uploads\/aerzte_fuer_aethiopien_adresse-150x150.png 150w, https:\/\/aerztefueraethiopien.de\/wp-content\/uploads\/aerzte_fuer_aethiopien_adresse-768x768.png 768w\" sizes=\"(max-width: 1000px) 100vw, 1000px\" \/><\/figure><div class=\"elementor-image-box-content\"><h3 class=\"elementor-image-box-title\">Address<\/h3><p class=\"elementor-image-box-description\">Arnold-Janssen-Stra\u00dfe 32 <br>\n 53757 Sankt Augustin<\/p><\/div><\/div>\t\t\t\t<\/div>\n\t\t\t\t<\/div>\n\t\t\t\t\t<\/div>\n\t\t<\/div>\n\t\t\t\t<div class=\"elementor-column elementor-col-33 elementor-top-column elementor-element elementor-element-0609a55\" data-id=\"0609a55\" data-element_type=\"column\" data-e-type=\"column\">\n\t\t\t<div class=\"elementor-widget-wrap elementor-element-populated\">\n\t\t\t\t\t\t<div class=\"elementor-element elementor-element-003f982 elementor-position-top elementor-widget elementor-widget-image-box\" data-id=\"003f982\" data-element_type=\"widget\" data-e-type=\"widget\" data-widget_type=\"image-box.default\">\n\t\t\t\t<div class=\"elementor-widget-container\">\n\t\t\t\t\t<div class=\"elementor-image-box-wrapper\"><figure class=\"elementor-image-box-img\"><img decoding=\"async\" width=\"1000\" height=\"1000\" src=\"https:\/\/aerztefueraethiopien.de\/wp-content\/uploads\/aerzte_fuer_aethiopien_email_telefon.png\" class=\"attachment-full size-full wp-image-2335\" alt=\"\" srcset=\"https:\/\/aerztefueraethiopien.de\/wp-content\/uploads\/aerzte_fuer_aethiopien_email_telefon.png 1000w, https:\/\/aerztefueraethiopien.de\/wp-content\/uploads\/aerzte_fuer_aethiopien_email_telefon-300x300.png 300w, https:\/\/aerztefueraethiopien.de\/wp-content\/uploads\/aerzte_fuer_aethiopien_email_telefon-150x150.png 150w, https:\/\/aerztefueraethiopien.de\/wp-content\/uploads\/aerzte_fuer_aethiopien_email_telefon-768x768.png 768w\" sizes=\"(max-width: 1000px) 100vw, 1000px\" \/><\/figure><div class=\"elementor-image-box-content\"><h3 class=\"elementor-image-box-title\">Contact<\/h3><p class=\"elementor-image-box-description\">Telephone: 0177 5773210 <br>\nEmail: info@doctorsforethiopia.com\u200b<\/p><\/div><\/div>\t\t\t\t<\/div>\n\t\t\t\t<\/div>\n\t\t\t\t\t<\/div>\n\t\t<\/div>\n\t\t\t\t\t<\/div>\n\t\t<\/section>\n\t\t\t\t<section class=\"elementor-section elementor-top-section elementor-element elementor-element-d41bdd1 elementor-section-boxed elementor-section-height-default elementor-section-height-default\" data-id=\"d41bdd1\" data-element_type=\"section\" data-e-type=\"section\">\n\t\t\t\t\t\t<div class=\"elementor-container elementor-column-gap-default\">\n\t\t\t\t\t<div class=\"elementor-column elementor-col-100 elementor-top-column elementor-element elementor-element-05e9cbc\" data-id=\"05e9cbc\" data-element_type=\"column\" data-e-type=\"column\">\n\t\t\t<div class=\"elementor-widget-wrap elementor-element-populated\">\n\t\t\t\t\t\t<div class=\"elementor-element elementor-element-2251382 elementor-widget elementor-widget-heading\" data-id=\"2251382\" data-element_type=\"widget\" data-e-type=\"widget\" data-widget_type=\"heading.default\">\n\t\t\t\t<div class=\"elementor-widget-container\">\n\t\t\t\t\t<h1 class=\"elementor-heading-title elementor-size-default\">Contact form<\/h1>\t\t\t\t<\/div>\n\t\t\t\t<\/div>\n\t\t\t\t<div class=\"elementor-element elementor-element-d3111a1 elementor-widget elementor-widget-text-editor\" data-id=\"d3111a1\" data-element_type=\"widget\" data-e-type=\"widget\" data-widget_type=\"text-editor.default\">\n\t\t\t\t<div class=\"elementor-widget-container\">\n\t\t\t\t\t\t\t\t\t<p><strong>Note:<\/strong> The mandatory field is marked. All other fields are voluntary. Your data will only be electronically collected and stored strictly for the purpose of processing and responding to your request. Information on data processing can be found here: <a href=\"https:\/\/aerztefueraethiopien.de\/en\/data-protection\/\">Data protection<\/a>.<\/p>\t\t\t\t\t\t\t\t<\/div>\n\t\t\t\t<\/div>\n\t\t\t\t<div class=\"elementor-element elementor-element-494ca13 elementor-button-align-center elementor-widget__width-initial elementor-widget-tablet__width-inherit elementor-widget elementor-widget-form\" data-id=\"494ca13\" data-element_type=\"widget\" data-e-type=\"widget\" data-settings=\"{&quot;step_next_label&quot;:&quot;Next&quot;,&quot;step_previous_label&quot;:&quot;Previous&quot;,&quot;step_type&quot;:&quot;number_text&quot;,&quot;step_icon_shape&quot;:&quot;circle&quot;}\" data-widget_type=\"form.default\">\n\t\t\t\t<div class=\"elementor-widget-container\">\n\t\t\t\t\t\t\t<form class=\"elementor-form\" method=\"post\" name=\"Contact\" aria-label=\"Contact\">\n\t\t\t<input type=\"hidden\" name=\"post_id\" value=\"2461\"\/>\n\t\t\t<input type=\"hidden\" name=\"form_id\" value=\"494ca13\"\/>\n\t\t\t<input type=\"hidden\" name=\"referer_title\" value=\"\u00c4rzte f\u00fcr \u00c4thiopien e.V.\" \/>\n\n\t\t\t\n\t\t\t<div class=\"elementor-form-fields-wrapper elementor-labels-above\">\n\t\t\t\t\t\t\t\t<div class=\"elementor-field-type-text elementor-field-group elementor-column elementor-field-group-name elementor-col-100\">\n\t\t\t\t\t\t\t\t\t\t\t\t<label for=\"form-field-name\" class=\"elementor-field-label\">\n\t\t\t\t\t\t\t\tName\t\t\t\t\t\t\t<\/label>\n\t\t\t\t\t\t\t\t\t\t\t\t\t\t<input size=\"1\" type=\"text\" name=\"form_fields[name]\" id=\"form-field-name\" class=\"elementor-field elementor-size-sm  elementor-field-textual\">\n\t\t\t\t\t\t\t\t\t\t\t<\/div>\n\t\t\t\t\t\t\t\t<div class=\"elementor-field-type-email elementor-field-group elementor-column elementor-field-group-email elementor-col-100 elementor-field-required elementor-mark-required\">\n\t\t\t\t\t\t\t\t\t\t\t\t<label for=\"form-field-email\" class=\"elementor-field-label\">\n\t\t\t\t\t\t\t\tE-Mail\t\t\t\t\t\t\t<\/label>\n\t\t\t\t\t\t\t\t\t\t\t\t\t\t<input size=\"1\" type=\"email\" name=\"form_fields[email]\" id=\"form-field-email\" class=\"elementor-field elementor-size-sm  elementor-field-textual\" required=\"required\">\n\t\t\t\t\t\t\t\t\t\t\t<\/div>\n\t\t\t\t\t\t\t\t<div class=\"elementor-field-type-textarea elementor-field-group elementor-column elementor-field-group-message elementor-col-100\">\n\t\t\t\t\t\t\t\t\t\t\t\t<label for=\"form-field-message\" class=\"elementor-field-label\">\n\t\t\t\t\t\t\t\tMessage\t\t\t\t\t\t\t<\/label>\n\t\t\t\t\t\t<textarea class=\"elementor-field-textual elementor-field  elementor-size-sm\" name=\"form_fields[message]\" id=\"form-field-message\" rows=\"4\"><\/textarea>\t\t\t\t<\/div>\n\t\t\t\t\t\t\t\t<div class=\"elementor-field-type-acceptance elementor-field-group elementor-column elementor-field-group-akzeptanz elementor-col-100 elementor-field-required elementor-mark-required\">\n\t\t\t\t\t\t\t<div class=\"elementor-field-subgroup\">\n\t\t\t<span class=\"elementor-field-option\">\n\t\t\t\t<input type=\"checkbox\" name=\"form_fields[akzeptanz]\" id=\"form-field-akzeptanz\" class=\"elementor-field elementor-size-sm  elementor-acceptance-field\" required=\"required\">\n\t\t\t\t<label for=\"form-field-akzeptanz\">I have read the privacy policy and accept the terms.<\/label>\t\t\t<\/span>\n\t\t<\/div>\n\t\t\t\t\t\t<\/div>\n\t\t\t\t\t\t\t\t<div class=\"elementor-field-type-recaptcha_v3 elementor-field-group elementor-column elementor-field-group-recaptcha elementor-col-100 recaptcha_v3-inline\">\n\t\t\t\t\t<div class=\"elementor-field\" id=\"form-field-recaptcha\"><div class=\"elementor-g-recaptcha\" data-sitekey=\"6LcDV_wcAAAAACEO7rfCzAOZPZH_csVV8hLWhgRC\" data-type=\"v3\" data-action=\"Form\" data-badge=\"inline\" data-size=\"invisible\"><\/div><\/div>\t\t\t\t<\/div>\n\t\t\t\t\t\t\t\t<div class=\"elementor-field-type-html elementor-field-group elementor-column elementor-field-group-field_58f5a20 elementor-col-100\">\n\t\t\t\t\t <div class=\"brlbs-cmpnt-container brlbs-cmpnt-content-blocker brlbs-cmpnt-with-individual-styles\" data-borlabs-cookie-content-blocker-id=\"recaptcha\" data-borlabs-cookie-content=\"R29vZ2xlIHJlQ0FQVENIQSB3YXMgbG9hZGVk\"><div class=\"brlbs-cmpnt-cb-preset-a\"> <p class=\"brlbs-cmpnt-cb-description\">You are currently viewing a placeholder content from <strong>Google reCAPTCHA<\/strong>. To access the actual content, click the button below. Please note that doing so will share data with third-party providers.<\/p> <div class=\"brlbs-cmpnt-cb-buttons\"> <a class=\"brlbs-cmpnt-cb-btn\" href=\"#\" data-borlabs-cookie-unblock role=\"button\">Unblock content<\/a> <a class=\"brlbs-cmpnt-cb-btn\" href=\"#\" data-borlabs-cookie-accept-service role=\"button\" style=\"display: none\">Accept required service and unblock content<\/a> <\/div> <a class=\"brlbs-cmpnt-cb-provider-toggle\" href=\"#\" data-borlabs-cookie-show-provider-information role=\"button\">More Information<\/a> '<\/div>'<\/div>\t\t\t\t<\/div>\n\t\t\t\t\t\t\t\t<div class=\"elementor-field-group elementor-column elementor-field-type-submit elementor-col-100 e-form__buttons\">\n\t\t\t\t\t<button class=\"elementor-button elementor-size-md\" type=\"submit\">\n\t\t\t\t\t\t<span class=\"elementor-button-content-wrapper\">\n\t\t\t\t\t\t\t\t\t\t\t\t\t\t\t<span class=\"elementor-button-icon\">\n\t\t\t\t\t\t\t\t\t<i aria-hidden=\"true\" class=\"far fa-paper-plane\"><\/i>\t\t\t\t\t\t\t\t\t\t\t\t\t\t\t\t\t<\/span>\n\t\t\t\t\t\t\t\t\t\t\t\t\t\t\t\t\t\t\t\t\t\t<span class=\"elementor-button-text\">Send<\/span>\n\t\t\t\t\t\t\t\t\t\t\t\t\t<\/span>\n\t\t\t\t\t<\/button>\n\t\t\t\t<\/div>\n\t\t\t<\/div>\n\t\t<\/form>\n\t\t\t\t\t\t<\/div>\n\t\t\t\t<\/div>\n\t\t\t\t<div class=\"elementor-element elementor-element-4f55a93 elementor-widget elementor-widget-image\" data-id=\"4f55a93\" data-element_type=\"widget\" data-e-type=\"widget\" data-widget_type=\"image.default\">\n\t\t\t\t<div class=\"elementor-widget-container\">\n\t\t\t\t\t\t\t\t\t\t\t\t\t\t\t\t<a href=\"https:\/\/www.google.com\/maps\/place\/Arnold-Janssen-Stra%C3%9Fe+32,+53757+Sankt+Augustin\/@50.7744628,7.1763383,17z\/data=!4m5!3m4!1s0x47bee7491d1a00d7:0xf04f86bf21225e0b!8m2!3d50.7743271!4d7.1754371\" target=\"_blank\">\n\t\t\t\t\t\t\t<img loading=\"lazy\" decoding=\"async\" width=\"2500\" height=\"1072\" src=\"https:\/\/aerztefueraethiopien.de\/wp-content\/uploads\/aerzte_fuer_aethiopien_maps_2500x1072px.jpg\" class=\"attachment-full size-full wp-image-2394\" alt=\"Doctors for Ethiopia - Location\" srcset=\"https:\/\/aerztefueraethiopien.de\/wp-content\/uploads\/aerzte_fuer_aethiopien_maps_2500x1072px.jpg 2500w, https:\/\/aerztefueraethiopien.de\/wp-content\/uploads\/aerzte_fuer_aethiopien_maps_2500x1072px-300x129.jpg 300w, https:\/\/aerztefueraethiopien.de\/wp-content\/uploads\/aerzte_fuer_aethiopien_maps_2500x1072px-1024x439.jpg 1024w, https:\/\/aerztefueraethiopien.de\/wp-content\/uploads\/aerzte_fuer_aethiopien_maps_2500x1072px-768x329.jpg 768w, https:\/\/aerztefueraethiopien.de\/wp-content\/uploads\/aerzte_fuer_aethiopien_maps_2500x1072px-1536x659.jpg 1536w, https:\/\/aerztefueraethiopien.de\/wp-content\/uploads\/aerzte_fuer_aethiopien_maps_2500x1072px-2048x878.jpg 2048w\" sizes=\"(max-width: 2500px) 100vw, 2500px\" \/>\t\t\t\t\t\t\t\t<\/a>\n\t\t\t\t\t\t\t\t\t\t\t\t\t\t\t<\/div>\n\t\t\t\t<\/div>\n\t\t\t\t\t<\/div>\n\t\t<\/div>\n\t\t\t\t\t<\/div>\n\t\t<\/section>\n\t\t\t\t<\/div>\n\t\t","protected":false},"excerpt":{"rendered":"<p>Contact Tigest Sebeczek-LakewWolfgang Agethen Address Arnold-Janssen-Stra\u00dfe 32 53757 Sankt Augustin Contact Telephone: 0177 5773210 Email: info@doctorsforethiopia.com\u200b Contact form Note: The mandatory field is marked. All other fields are voluntary. Your data will only be electronically collected and stored strictly for the purpose of processing and responding to your request. Information on data processing can be [&hellip;]<\/p>\n","protected":false},"author":1,"featured_media":0,"parent":0,"menu_order":0,"comment_status":"closed","ping_status":"closed","template":"elementor_header_footer","meta":{"footnotes":""},"class_list":["post-2461","page","type-page","status-publish","hentry"],"yoast_head":"<!-- This site is optimized with the Yoast SEO plugin v27.4 - https:\/\/yoast.com\/product\/yoast-seo-wordpress\/ -->\n<title>Contact - \u00c4rzte f\u00fcr \u00c4thiopien e.V.<\/title>\n<meta name=\"robots\" content=\"index, follow, max-snippet:-1, max-image-preview:large, max-video-preview:-1\" \/>\n<link rel=\"canonical\" href=\"https:\/\/aerztefueraethiopien.de\/en\/contact\/\" \/>\n<meta property=\"og:locale\" content=\"en_US\" \/>\n<meta property=\"og:type\" content=\"article\" \/>\n<meta property=\"og:title\" content=\"Contact - \u00c4rzte f\u00fcr \u00c4thiopien e.V.\" \/>\n<meta property=\"og:description\" content=\"Contact Tigest Sebeczek-LakewWolfgang Agethen Address Arnold-Janssen-Stra\u00dfe 32 53757 Sankt Augustin Contact Telephone: 0177 5773210 Email: info@doctorsforethiopia.com\u200b Contact form Note: The mandatory field is marked. All other fields are voluntary. Your data will only be electronically collected and stored strictly for the purpose of processing and responding to your request. Information on data processing can be [&hellip;]\" \/>\n<meta property=\"og:url\" content=\"https:\/\/aerztefueraethiopien.de\/en\/contact\/\" \/>\n<meta property=\"og:site_name\" content=\"\u00c4rzte f\u00fcr \u00c4thiopien e.V.\" \/>\n<meta property=\"article:modified_time\" content=\"2022-04-07T08:43:04+00:00\" \/>\n<meta property=\"og:image\" content=\"https:\/\/aerztefueraethiopien.de\/wp-content\/uploads\/aerzte_fuer_aethiopien_anprechpartner.png\" \/>\n<meta name=\"twitter:card\" content=\"summary_large_image\" \/>\n<meta name=\"twitter:label1\" content=\"Est. reading time\" \/>\n\t<meta name=\"twitter:data1\" content=\"2 minutes\" \/>\n<script type=\"application\/ld+json\" class=\"yoast-schema-graph\">{\"@context\":\"https:\\\/\\\/schema.org\",\"@graph\":[{\"@type\":\"WebPage\",\"@id\":\"https:\\\/\\\/aerztefueraethiopien.de\\\/en\\\/contact\\\/\",\"url\":\"https:\\\/\\\/aerztefueraethiopien.de\\\/en\\\/contact\\\/\",\"name\":\"Contact - \u00c4rzte f\u00fcr \u00c4thiopien e.V.\",\"isPartOf\":{\"@id\":\"https:\\\/\\\/aerztefueraethiopien.de\\\/en\\\/#website\"},\"primaryImageOfPage\":{\"@id\":\"https:\\\/\\\/aerztefueraethiopien.de\\\/en\\\/contact\\\/#primaryimage\"},\"image\":{\"@id\":\"https:\\\/\\\/aerztefueraethiopien.de\\\/en\\\/contact\\\/#primaryimage\"},\"thumbnailUrl\":\"https:\\\/\\\/aerztefueraethiopien.de\\\/wp-content\\\/uploads\\\/aerzte_fuer_aethiopien_anprechpartner.png\",\"datePublished\":\"2022-02-21T15:33:17+00:00\",\"dateModified\":\"2022-04-07T08:43:04+00:00\",\"breadcrumb\":{\"@id\":\"https:\\\/\\\/aerztefueraethiopien.de\\\/en\\\/contact\\\/#breadcrumb\"},\"inLanguage\":\"en-US\",\"potentialAction\":[{\"@type\":\"ReadAction\",\"target\":[\"https:\\\/\\\/aerztefueraethiopien.de\\\/en\\\/contact\\\/\"]}]},{\"@type\":\"ImageObject\",\"inLanguage\":\"en-US\",\"@id\":\"https:\\\/\\\/aerztefueraethiopien.de\\\/en\\\/contact\\\/#primaryimage\",\"url\":\"https:\\\/\\\/aerztefueraethiopien.de\\\/wp-content\\\/uploads\\\/aerzte_fuer_aethiopien_anprechpartner.png\",\"contentUrl\":\"https:\\\/\\\/aerztefueraethiopien.de\\\/wp-content\\\/uploads\\\/aerzte_fuer_aethiopien_anprechpartner.png\"},{\"@type\":\"BreadcrumbList\",\"@id\":\"https:\\\/\\\/aerztefueraethiopien.de\\\/en\\\/contact\\\/#breadcrumb\",\"itemListElement\":[{\"@type\":\"ListItem\",\"position\":1,\"name\":\"Homepage\",\"item\":\"https:\\\/\\\/aerztefueraethiopien.de\\\/en\\\/\"},{\"@type\":\"ListItem\",\"position\":2,\"name\":\"Contact\"}]},{\"@type\":\"WebSite\",\"@id\":\"https:\\\/\\\/aerztefueraethiopien.de\\\/en\\\/#website\",\"url\":\"https:\\\/\\\/aerztefueraethiopien.de\\\/en\\\/\",\"name\":\"\u00c4rzte f\u00fcr \u00c4thiopien e.V.\",\"description\":\"Doctors for Ethiopia\",\"publisher\":{\"@id\":\"https:\\\/\\\/aerztefueraethiopien.de\\\/en\\\/#organization\"},\"potentialAction\":[{\"@type\":\"SearchAction\",\"target\":{\"@type\":\"EntryPoint\",\"urlTemplate\":\"https:\\\/\\\/aerztefueraethiopien.de\\\/en\\\/?s={search_term_string}\"},\"query-input\":{\"@type\":\"PropertyValueSpecification\",\"valueRequired\":true,\"valueName\":\"search_term_string\"}}],\"inLanguage\":\"en-US\"},{\"@type\":\"Organization\",\"@id\":\"https:\\\/\\\/aerztefueraethiopien.de\\\/en\\\/#organization\",\"name\":\"\u00c4rzte f\u00fcr \u00c4thiopien\",\"url\":\"https:\\\/\\\/aerztefueraethiopien.de\\\/en\\\/\",\"logo\":{\"@type\":\"ImageObject\",\"inLanguage\":\"en-US\",\"@id\":\"https:\\\/\\\/aerztefueraethiopien.de\\\/en\\\/#\\\/schema\\\/logo\\\/image\\\/\",\"url\":\"https:\\\/\\\/aerztefueraethiopien.de\\\/wp-content\\\/uploads\\\/doctors-for-ethiopia-logo.png\",\"contentUrl\":\"https:\\\/\\\/aerztefueraethiopien.de\\\/wp-content\\\/uploads\\\/doctors-for-ethiopia-logo.png\",\"width\":180,\"height\":145,\"caption\":\"\u00c4rzte f\u00fcr \u00c4thiopien\"},\"image\":{\"@id\":\"https:\\\/\\\/aerztefueraethiopien.de\\\/en\\\/#\\\/schema\\\/logo\\\/image\\\/\"}}]}<\/script>\n<!-- \/ Yoast SEO plugin. -->","yoast_head_json":{"title":"Contact - \u00c4rzte f\u00fcr \u00c4thiopien e.V.","robots":{"index":"index","follow":"follow","max-snippet":"max-snippet:-1","max-image-preview":"max-image-preview:large","max-video-preview":"max-video-preview:-1"},"canonical":"https:\/\/aerztefueraethiopien.de\/en\/contact\/","og_locale":"en_US","og_type":"article","og_title":"Contact - \u00c4rzte f\u00fcr \u00c4thiopien e.V.","og_description":"Contact Tigest Sebeczek-LakewWolfgang Agethen Address Arnold-Janssen-Stra\u00dfe 32 53757 Sankt Augustin Contact Telephone: 0177 5773210 Email: info@doctorsforethiopia.com\u200b Contact form Note: The mandatory field is marked. All other fields are voluntary. Your data will only be electronically collected and stored strictly for the purpose of processing and responding to your request. Information on data processing can be [&hellip;]","og_url":"https:\/\/aerztefueraethiopien.de\/en\/contact\/","og_site_name":"\u00c4rzte f\u00fcr \u00c4thiopien e.V.","article_modified_time":"2022-04-07T08:43:04+00:00","og_image":[{"url":"https:\/\/aerztefueraethiopien.de\/wp-content\/uploads\/aerzte_fuer_aethiopien_anprechpartner.png","type":"","width":"","height":""}],"twitter_card":"summary_large_image","twitter_misc":{"Est. reading time":"2 minutes"},"schema":{"@context":"https:\/\/schema.org","@graph":[{"@type":"WebPage","@id":"https:\/\/aerztefueraethiopien.de\/en\/contact\/","url":"https:\/\/aerztefueraethiopien.de\/en\/contact\/","name":"Contact - \u00c4rzte f\u00fcr \u00c4thiopien e.V.","isPartOf":{"@id":"https:\/\/aerztefueraethiopien.de\/en\/#website"},"primaryImageOfPage":{"@id":"https:\/\/aerztefueraethiopien.de\/en\/contact\/#primaryimage"},"image":{"@id":"https:\/\/aerztefueraethiopien.de\/en\/contact\/#primaryimage"},"thumbnailUrl":"https:\/\/aerztefueraethiopien.de\/wp-content\/uploads\/aerzte_fuer_aethiopien_anprechpartner.png","datePublished":"2022-02-21T15:33:17+00:00","dateModified":"2022-04-07T08:43:04+00:00","breadcrumb":{"@id":"https:\/\/aerztefueraethiopien.de\/en\/contact\/#breadcrumb"},"inLanguage":"en-US","potentialAction":[{"@type":"ReadAction","target":["https:\/\/aerztefueraethiopien.de\/en\/contact\/"]}]},{"@type":"ImageObject","inLanguage":"en-US","@id":"https:\/\/aerztefueraethiopien.de\/en\/contact\/#primaryimage","url":"https:\/\/aerztefueraethiopien.de\/wp-content\/uploads\/aerzte_fuer_aethiopien_anprechpartner.png","contentUrl":"https:\/\/aerztefueraethiopien.de\/wp-content\/uploads\/aerzte_fuer_aethiopien_anprechpartner.png"},{"@type":"BreadcrumbList","@id":"https:\/\/aerztefueraethiopien.de\/en\/contact\/#breadcrumb","itemListElement":[{"@type":"ListItem","position":1,"name":"Homepage","item":"https:\/\/aerztefueraethiopien.de\/en\/"},{"@type":"ListItem","position":2,"name":"Contact"}]},{"@type":"WebSite","@id":"https:\/\/aerztefueraethiopien.de\/en\/#website","url":"https:\/\/aerztefueraethiopien.de\/en\/","name":"\u00c4rzte f\u00fcr \u00c4thiopien e.V.","description":"Doctors for Ethiopia","publisher":{"@id":"https:\/\/aerztefueraethiopien.de\/en\/#organization"},"potentialAction":[{"@type":"SearchAction","target":{"@type":"EntryPoint","urlTemplate":"https:\/\/aerztefueraethiopien.de\/en\/?s={search_term_string}"},"query-input":{"@type":"PropertyValueSpecification","valueRequired":true,"valueName":"search_term_string"}}],"inLanguage":"en-US"},{"@type":"Organization","@id":"https:\/\/aerztefueraethiopien.de\/en\/#organization","name":"\u00c4rzte f\u00fcr \u00c4thiopien","url":"https:\/\/aerztefueraethiopien.de\/en\/","logo":{"@type":"ImageObject","inLanguage":"en-US","@id":"https:\/\/aerztefueraethiopien.de\/en\/#\/schema\/logo\/image\/","url":"https:\/\/aerztefueraethiopien.de\/wp-content\/uploads\/doctors-for-ethiopia-logo.png","contentUrl":"https:\/\/aerztefueraethiopien.de\/wp-content\/uploads\/doctors-for-ethiopia-logo.png","width":180,"height":145,"caption":"\u00c4rzte f\u00fcr \u00c4thiopien"},"image":{"@id":"https:\/\/aerztefueraethiopien.de\/en\/#\/schema\/logo\/image\/"}}]}},"_links":{"self":[{"href":"https:\/\/aerztefueraethiopien.de\/en\/wp-json\/wp\/v2\/pages\/2461","targetHints":{"allow":["GET"]}}],"collection":[{"href":"https:\/\/aerztefueraethiopien.de\/en\/wp-json\/wp\/v2\/pages"}],"about":[{"href":"https:\/\/aerztefueraethiopien.de\/en\/wp-json\/wp\/v2\/types\/page"}],"author":[{"embeddable":true,"href":"https:\/\/aerztefueraethiopien.de\/en\/wp-json\/wp\/v2\/users\/1"}],"replies":[{"embeddable":true,"href":"https:\/\/aerztefueraethiopien.de\/en\/wp-json\/wp\/v2\/comments?post=2461"}],"version-history":[{"count":7,"href":"https:\/\/aerztefueraethiopien.de\/en\/wp-json\/wp\/v2\/pages\/2461\/revisions"}],"predecessor-version":[{"id":2859,"href":"https:\/\/aerztefueraethiopien.de\/en\/wp-json\/wp\/v2\/pages\/2461\/revisions\/2859"}],"wp:attachment":[{"href":"https:\/\/aerztefueraethiopien.de\/en\/wp-json\/wp\/v2\/media?parent=2461"}],"curies":[{"name":"wp","href":"https:\/\/api.w.org\/{rel}","templated":true}]}}