{"id":2517,"date":"2022-02-23T10:53:32","date_gmt":"2022-02-23T09:53:32","guid":{"rendered":"https:\/\/aerztefueraethiopien.de\/projects\/"},"modified":"2022-04-13T12:13:29","modified_gmt":"2022-04-13T10:13:29","slug":"projects","status":"publish","type":"page","link":"https:\/\/aerztefueraethiopien.de\/en\/projects\/","title":{"rendered":"Projects"},"content":{"rendered":"\t\t<div data-elementor-type=\"wp-page\" data-elementor-id=\"2517\" class=\"elementor elementor-2517 elementor-17\" data-elementor-post-type=\"page\">\n\t\t\t\t\t\t<section class=\"elementor-section elementor-top-section elementor-element elementor-element-40959a9 elementor-section-boxed elementor-section-height-default elementor-section-height-default\" data-id=\"40959a9\" data-element_type=\"section\" data-e-type=\"section\">\n\t\t\t\t\t\t<div class=\"elementor-container elementor-column-gap-default\">\n\t\t\t\t\t<div class=\"elementor-column elementor-col-100 elementor-top-column elementor-element elementor-element-e9020ba\" data-id=\"e9020ba\" data-element_type=\"column\" data-e-type=\"column\">\n\t\t\t<div class=\"elementor-widget-wrap elementor-element-populated\">\n\t\t\t\t\t\t<div class=\"elementor-element elementor-element-7c0b184 elementor-widget elementor-widget-heading\" data-id=\"7c0b184\" data-element_type=\"widget\" data-e-type=\"widget\" data-widget_type=\"heading.default\">\n\t\t\t\t<div class=\"elementor-widget-container\">\n\t\t\t\t\t<h1 class=\"elementor-heading-title elementor-size-default\">Projects<\/h1>\t\t\t\t<\/div>\n\t\t\t\t<\/div>\n\t\t\t\t<div class=\"elementor-element elementor-element-e1ba28e elementor-widget elementor-widget-text-editor\" data-id=\"e1ba28e\" data-element_type=\"widget\" data-e-type=\"widget\" data-widget_type=\"text-editor.default\">\n\t\t\t\t<div class=\"elementor-widget-container\">\n\t\t\t\t\t\t\t\t\t<p>Together with our partners, we are committed to ensuring <strong>medical care<\/strong> for people in need in Ethiopia. Every person has the <strong>right to medical assistance<\/strong> (WHO). <br>To this end, we participate in the construction of new medical facilities, the training of doctors and nursing staff, the procurement of medical equipment, medicines, beds, mattresses, KKH furniture but <strong>see for yourself<\/strong>:<\/p>\t\t\t\t\t\t\t\t<\/div>\n\t\t\t\t<\/div>\n\t\t\t\t\t<\/div>\n\t\t<\/div>\n\t\t\t\t\t<\/div>\n\t\t<\/section>\n\t\t\t\t<section class=\"elementor-section elementor-top-section elementor-element elementor-element-d9e1a03 elementor-section-boxed elementor-section-height-default elementor-section-height-default\" data-id=\"d9e1a03\" data-element_type=\"section\" data-e-type=\"section\">\n\t\t\t\t\t\t<div class=\"elementor-container elementor-column-gap-default\">\n\t\t\t\t\t<div class=\"elementor-column elementor-col-100 elementor-top-column elementor-element elementor-element-6b85998\" data-id=\"6b85998\" data-element_type=\"column\" data-e-type=\"column\">\n\t\t\t<div class=\"elementor-widget-wrap elementor-element-populated\">\n\t\t\t\t\t\t<div class=\"elementor-element elementor-element-d79bb68 elementor-cta--skin-cover elementor-widget__width-initial elementor-widget-tablet__width-initial elementor-widget-mobile__width-inherit elementor-animated-content elementor-widget elementor-widget-call-to-action\" data-id=\"d79bb68\" data-element_type=\"widget\" data-e-type=\"widget\" data-widget_type=\"call-to-action.default\">\n\t\t\t\t<div class=\"elementor-widget-container\">\n\t\t\t\t\t\t\t<div class=\"elementor-cta\">\n\t\t\t\t\t<div class=\"elementor-cta__bg-wrapper\">\n\t\t\t\t<div class=\"elementor-cta__bg elementor-bg\" style=\"background-image: url(https:\/\/aerztefueraethiopien.de\/wp-content\/uploads\/aerzte_fuer_aethiopien_general-hospital.jpg);\" role=\"img\" aria-label=\"Doctors for Ethiopia - Yirgalem General Hospital View from outside\"><\/div>\n\t\t\t\t<div class=\"elementor-cta__bg-overlay\"><\/div>\n\t\t\t<\/div>\n\t\t\t\t\t\t\t<div class=\"elementor-cta__content\">\n\t\t\t\t\n\t\t\t\t\t\t\t\t\t<h2 class=\"elementor-cta__title elementor-cta__content-item elementor-content-item elementor-animated-item--grow\">\n\t\t\t\t\t\tGeneral-Hospital\t\t\t\t\t<\/h2>\n\t\t\t\t\n\t\t\t\t\n\t\t\t\t\t\t\t\t\t<div class=\"elementor-cta__button-wrapper elementor-cta__content-item elementor-content-item elementor-animated-item--grow\">\n\t\t\t\t\t<a class=\"elementor-cta__button elementor-button elementor-size-\" href=\"https:\/\/aerztefueraethiopien.de\/en\/projects\/general-hospital\/\">\n\t\t\t\t\t\tClick Here\t\t\t\t\t<\/a>\n\t\t\t\t\t<\/div>\n\t\t\t\t\t\t\t<\/div>\n\t\t\t\t\t\t<\/div>\n\t\t\t\t\t\t<\/div>\n\t\t\t\t<\/div>\n\t\t\t\t<div class=\"elementor-element elementor-element-e63318a elementor-cta--skin-cover elementor-widget__width-initial elementor-widget-tablet__width-initial elementor-widget-mobile__width-inherit elementor-animated-content elementor-widget elementor-widget-call-to-action\" data-id=\"e63318a\" data-element_type=\"widget\" data-e-type=\"widget\" data-widget_type=\"call-to-action.default\">\n\t\t\t\t<div class=\"elementor-widget-container\">\n\t\t\t\t\t\t\t<div class=\"elementor-cta\">\n\t\t\t\t\t<div class=\"elementor-cta__bg-wrapper\">\n\t\t\t\t<div class=\"elementor-cta__bg elementor-bg\" style=\"background-image: url(https:\/\/aerztefueraethiopien.de\/wp-content\/uploads\/aerzte_fuer_aethiopien_startseite_mutter-kind-klinik_500x500px.jpg);\" role=\"img\" aria-label=\"doctors_for_ethiopia_startpage_mother-and-child-clinic_500x500px\"><\/div>\n\t\t\t\t<div class=\"elementor-cta__bg-overlay\"><\/div>\n\t\t\t<\/div>\n\t\t\t\t\t\t\t<div class=\"elementor-cta__content\">\n\t\t\t\t\n\t\t\t\t\t\t\t\t\t<h2 class=\"elementor-cta__title elementor-cta__content-item elementor-content-item elementor-animated-item--grow\">\n\t\t\t\t\t\tMothers and Children Clinic\t\t\t\t\t<\/h2>\n\t\t\t\t\n\t\t\t\t\n\t\t\t\t\t\t\t\t\t<div class=\"elementor-cta__button-wrapper elementor-cta__content-item elementor-content-item elementor-animated-item--grow\">\n\t\t\t\t\t<a class=\"elementor-cta__button elementor-button elementor-size-\" href=\"https:\/\/aerztefueraethiopien.de\/en\/projects\/mothers-and-children-clinic\/\">\n\t\t\t\t\t\tClick Here\t\t\t\t\t<\/a>\n\t\t\t\t\t<\/div>\n\t\t\t\t\t\t\t<\/div>\n\t\t\t\t\t\t<\/div>\n\t\t\t\t\t\t<\/div>\n\t\t\t\t<\/div>\n\t\t\t\t<div class=\"elementor-element elementor-element-5a970fc elementor-cta--skin-cover elementor-widget__width-initial elementor-widget-tablet__width-initial elementor-widget-mobile__width-inherit elementor-animated-content elementor-widget elementor-widget-call-to-action\" data-id=\"5a970fc\" data-element_type=\"widget\" data-e-type=\"widget\" data-widget_type=\"call-to-action.default\">\n\t\t\t\t<div class=\"elementor-widget-container\">\n\t\t\t\t\t\t\t<div class=\"elementor-cta\">\n\t\t\t\t\t<div class=\"elementor-cta__bg-wrapper\">\n\t\t\t\t<div class=\"elementor-cta__bg elementor-bg\" style=\"background-image: url(https:\/\/aerztefueraethiopien.de\/wp-content\/uploads\/aerzte_fuer_aethiopien_startseite_kinderheim_500x500px.jpg);\" role=\"img\" aria-label=\"doctors_for_aethiopia_startpage_children&#039;s_home_500x500px\"><\/div>\n\t\t\t\t<div class=\"elementor-cta__bg-overlay\"><\/div>\n\t\t\t<\/div>\n\t\t\t\t\t\t\t<div class=\"elementor-cta__content\">\n\t\t\t\t\n\t\t\t\t\t\t\t\t\t<h2 class=\"elementor-cta__title elementor-cta__content-item elementor-content-item elementor-animated-item--grow\">\n\t\t\t\t\t\tChildren's home\t\t\t\t\t<\/h2>\n\t\t\t\t\n\t\t\t\t\n\t\t\t\t\t\t\t\t\t<div class=\"elementor-cta__button-wrapper elementor-cta__content-item elementor-content-item elementor-animated-item--grow\">\n\t\t\t\t\t<a class=\"elementor-cta__button elementor-button elementor-size-\" href=\"https:\/\/aerztefueraethiopien.de\/en\/projects\/childrens-home\/\">\n\t\t\t\t\t\tClick Here\t\t\t\t\t<\/a>\n\t\t\t\t\t<\/div>\n\t\t\t\t\t\t\t<\/div>\n\t\t\t\t\t\t<\/div>\n\t\t\t\t\t\t<\/div>\n\t\t\t\t<\/div>\n\t\t\t\t<div class=\"elementor-element elementor-element-a5fa51c elementor-cta--skin-cover elementor-widget__width-initial elementor-widget-tablet__width-initial elementor-widget-mobile__width-inherit elementor-animated-content elementor-widget elementor-widget-call-to-action\" data-id=\"a5fa51c\" data-element_type=\"widget\" data-e-type=\"widget\" data-widget_type=\"call-to-action.default\">\n\t\t\t\t<div class=\"elementor-widget-container\">\n\t\t\t\t\t\t\t<div class=\"elementor-cta\">\n\t\t\t\t\t<div class=\"elementor-cta__bg-wrapper\">\n\t\t\t\t<div class=\"elementor-cta__bg elementor-bg\" style=\"background-image: url(https:\/\/aerztefueraethiopien.de\/wp-content\/uploads\/dorfpatenschaften_1120x320.png);\" role=\"img\" aria-label=\"Village sponsorships\"><\/div>\n\t\t\t\t<div class=\"elementor-cta__bg-overlay\"><\/div>\n\t\t\t<\/div>\n\t\t\t\t\t\t\t<div class=\"elementor-cta__content\">\n\t\t\t\t\n\t\t\t\t\t\t\t\t\t<h2 class=\"elementor-cta__title elementor-cta__content-item elementor-content-item elementor-animated-item--grow\">\n\t\t\t\t\t\tVillage Sponsorship\t\t\t\t\t<\/h2>\n\t\t\t\t\n\t\t\t\t\n\t\t\t\t\t\t\t\t\t<div class=\"elementor-cta__button-wrapper elementor-cta__content-item elementor-content-item elementor-animated-item--grow\">\n\t\t\t\t\t<a class=\"elementor-cta__button elementor-button elementor-size-\" href=\"https:\/\/aerztefueraethiopien.de\/en\/projects\/village-sponsorships\/\">\n\t\t\t\t\t\tClick Here\t\t\t\t\t<\/a>\n\t\t\t\t\t<\/div>\n\t\t\t\t\t\t\t<\/div>\n\t\t\t\t\t\t<\/div>\n\t\t\t\t\t\t<\/div>\n\t\t\t\t<\/div>\n\t\t\t\t<div class=\"elementor-element elementor-element-c069849 elementor-cta--skin-cover elementor-widget__width-initial elementor-widget-tablet__width-initial elementor-widget-mobile__width-inherit elementor-animated-content elementor-widget elementor-widget-call-to-action\" data-id=\"c069849\" data-element_type=\"widget\" data-e-type=\"widget\" data-widget_type=\"call-to-action.default\">\n\t\t\t\t<div class=\"elementor-widget-container\">\n\t\t\t\t\t\t\t<div class=\"elementor-cta\">\n\t\t\t\t\t<div class=\"elementor-cta__bg-wrapper\">\n\t\t\t\t<div class=\"elementor-cta__bg elementor-bg\" style=\"background-image: url(https:\/\/aerztefueraethiopien.de\/wp-content\/uploads\/aerzte_fuer_aethiopien_startseite_schulung_500x500px.jpg);\" role=\"img\" aria-label=\"doctors_for_ethiopia_start_training_500x500px\"><\/div>\n\t\t\t\t<div class=\"elementor-cta__bg-overlay\"><\/div>\n\t\t\t<\/div>\n\t\t\t\t\t\t\t<div class=\"elementor-cta__content\">\n\t\t\t\t\n\t\t\t\t\t\t\t\t\t<h2 class=\"elementor-cta__title elementor-cta__content-item elementor-content-item elementor-animated-item--grow\">\n\t\t\t\t\t\tTrainings\t\t\t\t\t<\/h2>\n\t\t\t\t\n\t\t\t\t\n\t\t\t\t\t\t\t\t\t<div class=\"elementor-cta__button-wrapper elementor-cta__content-item elementor-content-item elementor-animated-item--grow\">\n\t\t\t\t\t<a class=\"elementor-cta__button elementor-button elementor-size-\" href=\"https:\/\/aerztefueraethiopien.de\/en\/projects\/trainings\/\">\n\t\t\t\t\t\tClick Here\t\t\t\t\t<\/a>\n\t\t\t\t\t<\/div>\n\t\t\t\t\t\t\t<\/div>\n\t\t\t\t\t\t<\/div>\n\t\t\t\t\t\t<\/div>\n\t\t\t\t<\/div>\n\t\t\t\t\t<\/div>\n\t\t<\/div>\n\t\t\t\t\t<\/div>\n\t\t<\/section>\n\t\t\t\t<\/div>\n\t\t","protected":false},"excerpt":{"rendered":"<p>Projects Together with our partners, we are committed to ensuring medical care for people in need in Ethiopia. Every person has the right to medical assistance (WHO). To this end, we participate in the construction of new medical facilities, the training of doctors and nursing staff, the procurement of medical equipment, medicines, beds, mattresses, KKH [&hellip;]<\/p>\n","protected":false},"author":1,"featured_media":0,"parent":0,"menu_order":0,"comment_status":"closed","ping_status":"closed","template":"elementor_header_footer","meta":{"footnotes":""},"class_list":["post-2517","page","type-page","status-publish","hentry"],"yoast_head":"<!-- This site is optimized with the Yoast SEO plugin v27.4 - https:\/\/yoast.com\/product\/yoast-seo-wordpress\/ -->\n<title>Projects - \u00c4rzte f\u00fcr \u00c4thiopien e.V.<\/title>\n<meta name=\"robots\" content=\"index, follow, max-snippet:-1, max-image-preview:large, max-video-preview:-1\" \/>\n<link rel=\"canonical\" href=\"https:\/\/aerztefueraethiopien.de\/en\/projects\/\" \/>\n<meta property=\"og:locale\" content=\"en_US\" \/>\n<meta property=\"og:type\" content=\"article\" \/>\n<meta property=\"og:title\" content=\"Projects - \u00c4rzte f\u00fcr \u00c4thiopien e.V.\" \/>\n<meta property=\"og:description\" content=\"Projects Together with our partners, we are committed to ensuring medical care for people in need in Ethiopia. Every person has the right to medical assistance (WHO). To this end, we participate in the construction of new medical facilities, the training of doctors and nursing staff, the procurement of medical equipment, medicines, beds, mattresses, KKH [&hellip;]\" \/>\n<meta property=\"og:url\" content=\"https:\/\/aerztefueraethiopien.de\/en\/projects\/\" \/>\n<meta property=\"og:site_name\" content=\"\u00c4rzte f\u00fcr \u00c4thiopien e.V.\" \/>\n<meta property=\"article:modified_time\" content=\"2022-04-13T10:13:29+00:00\" \/>\n<meta name=\"twitter:card\" content=\"summary_large_image\" \/>\n<meta name=\"twitter:label1\" content=\"Est. reading time\" \/>\n\t<meta name=\"twitter:data1\" content=\"1 minute\" \/>\n<script type=\"application\/ld+json\" class=\"yoast-schema-graph\">{\"@context\":\"https:\\\/\\\/schema.org\",\"@graph\":[{\"@type\":\"WebPage\",\"@id\":\"https:\\\/\\\/aerztefueraethiopien.de\\\/en\\\/projects\\\/\",\"url\":\"https:\\\/\\\/aerztefueraethiopien.de\\\/en\\\/projects\\\/\",\"name\":\"Projects - \u00c4rzte f\u00fcr \u00c4thiopien e.V.\",\"isPartOf\":{\"@id\":\"https:\\\/\\\/aerztefueraethiopien.de\\\/en\\\/#website\"},\"datePublished\":\"2022-02-23T09:53:32+00:00\",\"dateModified\":\"2022-04-13T10:13:29+00:00\",\"breadcrumb\":{\"@id\":\"https:\\\/\\\/aerztefueraethiopien.de\\\/en\\\/projects\\\/#breadcrumb\"},\"inLanguage\":\"en-US\",\"potentialAction\":[{\"@type\":\"ReadAction\",\"target\":[\"https:\\\/\\\/aerztefueraethiopien.de\\\/en\\\/projects\\\/\"]}]},{\"@type\":\"BreadcrumbList\",\"@id\":\"https:\\\/\\\/aerztefueraethiopien.de\\\/en\\\/projects\\\/#breadcrumb\",\"itemListElement\":[{\"@type\":\"ListItem\",\"position\":1,\"name\":\"Homepage\",\"item\":\"https:\\\/\\\/aerztefueraethiopien.de\\\/en\\\/\"},{\"@type\":\"ListItem\",\"position\":2,\"name\":\"Projects\"}]},{\"@type\":\"WebSite\",\"@id\":\"https:\\\/\\\/aerztefueraethiopien.de\\\/en\\\/#website\",\"url\":\"https:\\\/\\\/aerztefueraethiopien.de\\\/en\\\/\",\"name\":\"\u00c4rzte f\u00fcr \u00c4thiopien e.V.\",\"description\":\"Doctors for Ethiopia\",\"publisher\":{\"@id\":\"https:\\\/\\\/aerztefueraethiopien.de\\\/en\\\/#organization\"},\"potentialAction\":[{\"@type\":\"SearchAction\",\"target\":{\"@type\":\"EntryPoint\",\"urlTemplate\":\"https:\\\/\\\/aerztefueraethiopien.de\\\/en\\\/?s={search_term_string}\"},\"query-input\":{\"@type\":\"PropertyValueSpecification\",\"valueRequired\":true,\"valueName\":\"search_term_string\"}}],\"inLanguage\":\"en-US\"},{\"@type\":\"Organization\",\"@id\":\"https:\\\/\\\/aerztefueraethiopien.de\\\/en\\\/#organization\",\"name\":\"\u00c4rzte f\u00fcr \u00c4thiopien\",\"url\":\"https:\\\/\\\/aerztefueraethiopien.de\\\/en\\\/\",\"logo\":{\"@type\":\"ImageObject\",\"inLanguage\":\"en-US\",\"@id\":\"https:\\\/\\\/aerztefueraethiopien.de\\\/en\\\/#\\\/schema\\\/logo\\\/image\\\/\",\"url\":\"https:\\\/\\\/aerztefueraethiopien.de\\\/wp-content\\\/uploads\\\/doctors-for-ethiopia-logo.png\",\"contentUrl\":\"https:\\\/\\\/aerztefueraethiopien.de\\\/wp-content\\\/uploads\\\/doctors-for-ethiopia-logo.png\",\"width\":180,\"height\":145,\"caption\":\"\u00c4rzte f\u00fcr \u00c4thiopien\"},\"image\":{\"@id\":\"https:\\\/\\\/aerztefueraethiopien.de\\\/en\\\/#\\\/schema\\\/logo\\\/image\\\/\"}}]}<\/script>\n<!-- \/ Yoast SEO plugin. -->","yoast_head_json":{"title":"Projects - \u00c4rzte f\u00fcr \u00c4thiopien e.V.","robots":{"index":"index","follow":"follow","max-snippet":"max-snippet:-1","max-image-preview":"max-image-preview:large","max-video-preview":"max-video-preview:-1"},"canonical":"https:\/\/aerztefueraethiopien.de\/en\/projects\/","og_locale":"en_US","og_type":"article","og_title":"Projects - \u00c4rzte f\u00fcr \u00c4thiopien e.V.","og_description":"Projects Together with our partners, we are committed to ensuring medical care for people in need in Ethiopia. Every person has the right to medical assistance (WHO). To this end, we participate in the construction of new medical facilities, the training of doctors and nursing staff, the procurement of medical equipment, medicines, beds, mattresses, KKH [&hellip;]","og_url":"https:\/\/aerztefueraethiopien.de\/en\/projects\/","og_site_name":"\u00c4rzte f\u00fcr \u00c4thiopien e.V.","article_modified_time":"2022-04-13T10:13:29+00:00","twitter_card":"summary_large_image","twitter_misc":{"Est. reading time":"1 minute"},"schema":{"@context":"https:\/\/schema.org","@graph":[{"@type":"WebPage","@id":"https:\/\/aerztefueraethiopien.de\/en\/projects\/","url":"https:\/\/aerztefueraethiopien.de\/en\/projects\/","name":"Projects - \u00c4rzte f\u00fcr \u00c4thiopien e.V.","isPartOf":{"@id":"https:\/\/aerztefueraethiopien.de\/en\/#website"},"datePublished":"2022-02-23T09:53:32+00:00","dateModified":"2022-04-13T10:13:29+00:00","breadcrumb":{"@id":"https:\/\/aerztefueraethiopien.de\/en\/projects\/#breadcrumb"},"inLanguage":"en-US","potentialAction":[{"@type":"ReadAction","target":["https:\/\/aerztefueraethiopien.de\/en\/projects\/"]}]},{"@type":"BreadcrumbList","@id":"https:\/\/aerztefueraethiopien.de\/en\/projects\/#breadcrumb","itemListElement":[{"@type":"ListItem","position":1,"name":"Homepage","item":"https:\/\/aerztefueraethiopien.de\/en\/"},{"@type":"ListItem","position":2,"name":"Projects"}]},{"@type":"WebSite","@id":"https:\/\/aerztefueraethiopien.de\/en\/#website","url":"https:\/\/aerztefueraethiopien.de\/en\/","name":"\u00c4rzte f\u00fcr \u00c4thiopien e.V.","description":"Doctors for Ethiopia","publisher":{"@id":"https:\/\/aerztefueraethiopien.de\/en\/#organization"},"potentialAction":[{"@type":"SearchAction","target":{"@type":"EntryPoint","urlTemplate":"https:\/\/aerztefueraethiopien.de\/en\/?s={search_term_string}"},"query-input":{"@type":"PropertyValueSpecification","valueRequired":true,"valueName":"search_term_string"}}],"inLanguage":"en-US"},{"@type":"Organization","@id":"https:\/\/aerztefueraethiopien.de\/en\/#organization","name":"\u00c4rzte f\u00fcr \u00c4thiopien","url":"https:\/\/aerztefueraethiopien.de\/en\/","logo":{"@type":"ImageObject","inLanguage":"en-US","@id":"https:\/\/aerztefueraethiopien.de\/en\/#\/schema\/logo\/image\/","url":"https:\/\/aerztefueraethiopien.de\/wp-content\/uploads\/doctors-for-ethiopia-logo.png","contentUrl":"https:\/\/aerztefueraethiopien.de\/wp-content\/uploads\/doctors-for-ethiopia-logo.png","width":180,"height":145,"caption":"\u00c4rzte f\u00fcr \u00c4thiopien"},"image":{"@id":"https:\/\/aerztefueraethiopien.de\/en\/#\/schema\/logo\/image\/"}}]}},"_links":{"self":[{"href":"https:\/\/aerztefueraethiopien.de\/en\/wp-json\/wp\/v2\/pages\/2517","targetHints":{"allow":["GET"]}}],"collection":[{"href":"https:\/\/aerztefueraethiopien.de\/en\/wp-json\/wp\/v2\/pages"}],"about":[{"href":"https:\/\/aerztefueraethiopien.de\/en\/wp-json\/wp\/v2\/types\/page"}],"author":[{"embeddable":true,"href":"https:\/\/aerztefueraethiopien.de\/en\/wp-json\/wp\/v2\/users\/1"}],"replies":[{"embeddable":true,"href":"https:\/\/aerztefueraethiopien.de\/en\/wp-json\/wp\/v2\/comments?post=2517"}],"version-history":[{"count":20,"href":"https:\/\/aerztefueraethiopien.de\/en\/wp-json\/wp\/v2\/pages\/2517\/revisions"}],"predecessor-version":[{"id":2932,"href":"https:\/\/aerztefueraethiopien.de\/en\/wp-json\/wp\/v2\/pages\/2517\/revisions\/2932"}],"wp:attachment":[{"href":"https:\/\/aerztefueraethiopien.de\/en\/wp-json\/wp\/v2\/media?parent=2517"}],"curies":[{"name":"wp","href":"https:\/\/api.w.org\/{rel}","templated":true}]}}