{"id":2521,"date":"2022-02-23T12:40:31","date_gmt":"2022-02-23T11:40:31","guid":{"rendered":"https:\/\/aerztefueraethiopien.de\/imprint\/"},"modified":"2025-07-03T08:48:40","modified_gmt":"2025-07-03T06:48:40","slug":"imprint","status":"publish","type":"page","link":"https:\/\/aerztefueraethiopien.de\/en\/imprint\/","title":{"rendered":"Imprint"},"content":{"rendered":"\t\t<div data-elementor-type=\"wp-page\" data-elementor-id=\"2521\" class=\"elementor elementor-2521 elementor-98\" data-elementor-post-type=\"page\">\n\t\t\t\t\t\t<section class=\"elementor-section elementor-top-section elementor-element elementor-element-2db443f9 elementor-section-boxed elementor-section-height-default elementor-section-height-default\" data-id=\"2db443f9\" data-element_type=\"section\" data-e-type=\"section\">\n\t\t\t\t\t\t<div class=\"elementor-container elementor-column-gap-default\">\n\t\t\t\t\t<div class=\"elementor-column elementor-col-100 elementor-top-column elementor-element elementor-element-7af19541\" data-id=\"7af19541\" data-element_type=\"column\" data-e-type=\"column\">\n\t\t\t<div class=\"elementor-widget-wrap elementor-element-populated\">\n\t\t\t\t\t\t<div class=\"elementor-element elementor-element-57df66ea elementor-widget elementor-widget-text-editor\" data-id=\"57df66ea\" data-element_type=\"widget\" data-e-type=\"widget\" data-widget_type=\"text-editor.default\">\n\t\t\t\t<div class=\"elementor-widget-container\">\n\t\t\t\t\t\t\t\t\t<h1>Site Notice<\/h1><p>\u00c4rzte f\u00fcr \u00c4thiopien e.V.<br \/>Arnold-Janssen-Stra\u00dfe 32<br \/>53757 St. Augustin<\/p><p>Register of Associations: 3420<br \/>Registration court: Amtsgericht Siegburg<\/p><p><strong>Represented by:<\/strong><br \/>Tigest Sebeczek-Lakew<\/p><h2>Contact<\/h2><p>Phone: 0177 5773210<br \/>E-mail: info@doctorsforethiopia.com<\/p><h2>Person responsible for editorial<\/h2><p>Tigest Sebeczek-Lakew<br \/>Arnold-Janssen-Stra\u00dfe 32<br \/>53757 St. Augustin<br \/>Deutschland<\/p><h2>Dispute resolution proceedings in front of a consumer arbitration board<\/h2><p>We are not willing or obliged to participate in dispute resolution proceedings in front of a consumer arbitration board.<\/p>\t\t\t\t\t\t\t\t<\/div>\n\t\t\t\t<\/div>\n\t\t\t\t<div class=\"elementor-element elementor-element-8d4111f elementor-widget elementor-widget-text-editor\" data-id=\"8d4111f\" data-element_type=\"widget\" data-e-type=\"widget\" data-widget_type=\"text-editor.default\">\n\t\t\t\t<div class=\"elementor-widget-container\">\n\t\t\t\t\t\t\t\t\t<p><b>Picture credits<\/b><\/p>\n<p>Pictures are from Doctors for Ethiopia and Hartmut Schulz.<\/p>\n<p><b>Technical implementation<\/b><\/p>\n<p>CGW GmbH \u2013 Full-Service-Kommunikation<br \/><span style=\"color: var( --e-global-color-text ); font-family: var( --e-global-typography-text-font-family ), Sans-serif; font-size: var( --e-global-typography-text-font-size ); font-weight: var( --e-global-typography-text-font-weight );\">Karl-Arnold-Stra\u00dfe 8<br \/><\/span><span style=\"color: var( --e-global-color-text ); font-family: var( --e-global-typography-text-font-family ), Sans-serif; font-size: var( --e-global-typography-text-font-size ); font-weight: var( --e-global-typography-text-font-weight );\">47877 Willich<\/span><\/p>\n\t\t\t\t\t\t\t\t<\/div>\n\t\t\t\t<\/div>\n\t\t\t\t\t<\/div>\n\t\t<\/div>\n\t\t\t\t\t<\/div>\n\t\t<\/section>\n\t\t\t\t<\/div>\n\t\t","protected":false},"excerpt":{"rendered":"<p>Site Notice \u00c4rzte f\u00fcr \u00c4thiopien e.V.Arnold-Janssen-Stra\u00dfe 3253757 St. Augustin Register of Associations: 3420Registration court: Amtsgericht Siegburg Represented by:Tigest Sebeczek-Lakew Contact Phone: 0177 5773210E-mail: info@doctorsforethiopia.com Person responsible for editorial Tigest Sebeczek-LakewArnold-Janssen-Stra\u00dfe 3253757 St. AugustinDeutschland Dispute resolution proceedings in front of a consumer arbitration board We are not willing or obliged to participate in dispute resolution proceedings [&hellip;]<\/p>\n","protected":false},"author":1,"featured_media":0,"parent":0,"menu_order":0,"comment_status":"closed","ping_status":"closed","template":"elementor_header_footer","meta":{"footnotes":""},"class_list":["post-2521","page","type-page","status-publish","hentry"],"yoast_head":"<!-- This site is optimized with the Yoast SEO plugin v27.4 - https:\/\/yoast.com\/product\/yoast-seo-wordpress\/ -->\n<title>Imprint - \u00c4rzte f\u00fcr \u00c4thiopien e.V.<\/title>\n<meta name=\"robots\" content=\"index, follow, max-snippet:-1, max-image-preview:large, max-video-preview:-1\" \/>\n<link rel=\"canonical\" href=\"https:\/\/aerztefueraethiopien.de\/en\/imprint\/\" \/>\n<meta property=\"og:locale\" content=\"en_US\" \/>\n<meta property=\"og:type\" content=\"article\" \/>\n<meta property=\"og:title\" content=\"Imprint - \u00c4rzte f\u00fcr \u00c4thiopien e.V.\" \/>\n<meta property=\"og:description\" content=\"Site Notice \u00c4rzte f\u00fcr \u00c4thiopien e.V.Arnold-Janssen-Stra\u00dfe 3253757 St. Augustin Register of Associations: 3420Registration court: Amtsgericht Siegburg Represented by:Tigest Sebeczek-Lakew Contact Phone: 0177 5773210E-mail: info@doctorsforethiopia.com Person responsible for editorial Tigest Sebeczek-LakewArnold-Janssen-Stra\u00dfe 3253757 St. AugustinDeutschland Dispute resolution proceedings in front of a consumer arbitration board We are not willing or obliged to participate in dispute resolution proceedings [&hellip;]\" \/>\n<meta property=\"og:url\" content=\"https:\/\/aerztefueraethiopien.de\/en\/imprint\/\" \/>\n<meta property=\"og:site_name\" content=\"\u00c4rzte f\u00fcr \u00c4thiopien e.V.\" \/>\n<meta property=\"article:modified_time\" content=\"2025-07-03T06:48:40+00:00\" \/>\n<meta name=\"twitter:card\" content=\"summary_large_image\" \/>\n<meta name=\"twitter:label1\" content=\"Est. reading time\" \/>\n\t<meta name=\"twitter:data1\" content=\"1 minute\" \/>\n<script type=\"application\/ld+json\" class=\"yoast-schema-graph\">{\"@context\":\"https:\\\/\\\/schema.org\",\"@graph\":[{\"@type\":\"WebPage\",\"@id\":\"https:\\\/\\\/aerztefueraethiopien.de\\\/en\\\/imprint\\\/\",\"url\":\"https:\\\/\\\/aerztefueraethiopien.de\\\/en\\\/imprint\\\/\",\"name\":\"Imprint - \u00c4rzte f\u00fcr \u00c4thiopien e.V.\",\"isPartOf\":{\"@id\":\"https:\\\/\\\/aerztefueraethiopien.de\\\/en\\\/#website\"},\"datePublished\":\"2022-02-23T11:40:31+00:00\",\"dateModified\":\"2025-07-03T06:48:40+00:00\",\"breadcrumb\":{\"@id\":\"https:\\\/\\\/aerztefueraethiopien.de\\\/en\\\/imprint\\\/#breadcrumb\"},\"inLanguage\":\"en-US\",\"potentialAction\":[{\"@type\":\"ReadAction\",\"target\":[\"https:\\\/\\\/aerztefueraethiopien.de\\\/en\\\/imprint\\\/\"]}]},{\"@type\":\"BreadcrumbList\",\"@id\":\"https:\\\/\\\/aerztefueraethiopien.de\\\/en\\\/imprint\\\/#breadcrumb\",\"itemListElement\":[{\"@type\":\"ListItem\",\"position\":1,\"name\":\"Homepage\",\"item\":\"https:\\\/\\\/aerztefueraethiopien.de\\\/en\\\/\"},{\"@type\":\"ListItem\",\"position\":2,\"name\":\"Imprint\"}]},{\"@type\":\"WebSite\",\"@id\":\"https:\\\/\\\/aerztefueraethiopien.de\\\/en\\\/#website\",\"url\":\"https:\\\/\\\/aerztefueraethiopien.de\\\/en\\\/\",\"name\":\"\u00c4rzte f\u00fcr \u00c4thiopien e.V.\",\"description\":\"Doctors for Ethiopia\",\"publisher\":{\"@id\":\"https:\\\/\\\/aerztefueraethiopien.de\\\/en\\\/#organization\"},\"potentialAction\":[{\"@type\":\"SearchAction\",\"target\":{\"@type\":\"EntryPoint\",\"urlTemplate\":\"https:\\\/\\\/aerztefueraethiopien.de\\\/en\\\/?s={search_term_string}\"},\"query-input\":{\"@type\":\"PropertyValueSpecification\",\"valueRequired\":true,\"valueName\":\"search_term_string\"}}],\"inLanguage\":\"en-US\"},{\"@type\":\"Organization\",\"@id\":\"https:\\\/\\\/aerztefueraethiopien.de\\\/en\\\/#organization\",\"name\":\"\u00c4rzte f\u00fcr \u00c4thiopien\",\"url\":\"https:\\\/\\\/aerztefueraethiopien.de\\\/en\\\/\",\"logo\":{\"@type\":\"ImageObject\",\"inLanguage\":\"en-US\",\"@id\":\"https:\\\/\\\/aerztefueraethiopien.de\\\/en\\\/#\\\/schema\\\/logo\\\/image\\\/\",\"url\":\"https:\\\/\\\/aerztefueraethiopien.de\\\/wp-content\\\/uploads\\\/doctors-for-ethiopia-logo.png\",\"contentUrl\":\"https:\\\/\\\/aerztefueraethiopien.de\\\/wp-content\\\/uploads\\\/doctors-for-ethiopia-logo.png\",\"width\":180,\"height\":145,\"caption\":\"\u00c4rzte f\u00fcr \u00c4thiopien\"},\"image\":{\"@id\":\"https:\\\/\\\/aerztefueraethiopien.de\\\/en\\\/#\\\/schema\\\/logo\\\/image\\\/\"}}]}<\/script>\n<!-- \/ Yoast SEO plugin. -->","yoast_head_json":{"title":"Imprint - \u00c4rzte f\u00fcr \u00c4thiopien e.V.","robots":{"index":"index","follow":"follow","max-snippet":"max-snippet:-1","max-image-preview":"max-image-preview:large","max-video-preview":"max-video-preview:-1"},"canonical":"https:\/\/aerztefueraethiopien.de\/en\/imprint\/","og_locale":"en_US","og_type":"article","og_title":"Imprint - \u00c4rzte f\u00fcr \u00c4thiopien e.V.","og_description":"Site Notice \u00c4rzte f\u00fcr \u00c4thiopien e.V.Arnold-Janssen-Stra\u00dfe 3253757 St. Augustin Register of Associations: 3420Registration court: Amtsgericht Siegburg Represented by:Tigest Sebeczek-Lakew Contact Phone: 0177 5773210E-mail: info@doctorsforethiopia.com Person responsible for editorial Tigest Sebeczek-LakewArnold-Janssen-Stra\u00dfe 3253757 St. AugustinDeutschland Dispute resolution proceedings in front of a consumer arbitration board We are not willing or obliged to participate in dispute resolution proceedings [&hellip;]","og_url":"https:\/\/aerztefueraethiopien.de\/en\/imprint\/","og_site_name":"\u00c4rzte f\u00fcr \u00c4thiopien e.V.","article_modified_time":"2025-07-03T06:48:40+00:00","twitter_card":"summary_large_image","twitter_misc":{"Est. reading time":"1 minute"},"schema":{"@context":"https:\/\/schema.org","@graph":[{"@type":"WebPage","@id":"https:\/\/aerztefueraethiopien.de\/en\/imprint\/","url":"https:\/\/aerztefueraethiopien.de\/en\/imprint\/","name":"Imprint - \u00c4rzte f\u00fcr \u00c4thiopien e.V.","isPartOf":{"@id":"https:\/\/aerztefueraethiopien.de\/en\/#website"},"datePublished":"2022-02-23T11:40:31+00:00","dateModified":"2025-07-03T06:48:40+00:00","breadcrumb":{"@id":"https:\/\/aerztefueraethiopien.de\/en\/imprint\/#breadcrumb"},"inLanguage":"en-US","potentialAction":[{"@type":"ReadAction","target":["https:\/\/aerztefueraethiopien.de\/en\/imprint\/"]}]},{"@type":"BreadcrumbList","@id":"https:\/\/aerztefueraethiopien.de\/en\/imprint\/#breadcrumb","itemListElement":[{"@type":"ListItem","position":1,"name":"Homepage","item":"https:\/\/aerztefueraethiopien.de\/en\/"},{"@type":"ListItem","position":2,"name":"Imprint"}]},{"@type":"WebSite","@id":"https:\/\/aerztefueraethiopien.de\/en\/#website","url":"https:\/\/aerztefueraethiopien.de\/en\/","name":"\u00c4rzte f\u00fcr \u00c4thiopien e.V.","description":"Doctors for Ethiopia","publisher":{"@id":"https:\/\/aerztefueraethiopien.de\/en\/#organization"},"potentialAction":[{"@type":"SearchAction","target":{"@type":"EntryPoint","urlTemplate":"https:\/\/aerztefueraethiopien.de\/en\/?s={search_term_string}"},"query-input":{"@type":"PropertyValueSpecification","valueRequired":true,"valueName":"search_term_string"}}],"inLanguage":"en-US"},{"@type":"Organization","@id":"https:\/\/aerztefueraethiopien.de\/en\/#organization","name":"\u00c4rzte f\u00fcr \u00c4thiopien","url":"https:\/\/aerztefueraethiopien.de\/en\/","logo":{"@type":"ImageObject","inLanguage":"en-US","@id":"https:\/\/aerztefueraethiopien.de\/en\/#\/schema\/logo\/image\/","url":"https:\/\/aerztefueraethiopien.de\/wp-content\/uploads\/doctors-for-ethiopia-logo.png","contentUrl":"https:\/\/aerztefueraethiopien.de\/wp-content\/uploads\/doctors-for-ethiopia-logo.png","width":180,"height":145,"caption":"\u00c4rzte f\u00fcr \u00c4thiopien"},"image":{"@id":"https:\/\/aerztefueraethiopien.de\/en\/#\/schema\/logo\/image\/"}}]}},"_links":{"self":[{"href":"https:\/\/aerztefueraethiopien.de\/en\/wp-json\/wp\/v2\/pages\/2521","targetHints":{"allow":["GET"]}}],"collection":[{"href":"https:\/\/aerztefueraethiopien.de\/en\/wp-json\/wp\/v2\/pages"}],"about":[{"href":"https:\/\/aerztefueraethiopien.de\/en\/wp-json\/wp\/v2\/types\/page"}],"author":[{"embeddable":true,"href":"https:\/\/aerztefueraethiopien.de\/en\/wp-json\/wp\/v2\/users\/1"}],"replies":[{"embeddable":true,"href":"https:\/\/aerztefueraethiopien.de\/en\/wp-json\/wp\/v2\/comments?post=2521"}],"version-history":[{"count":7,"href":"https:\/\/aerztefueraethiopien.de\/en\/wp-json\/wp\/v2\/pages\/2521\/revisions"}],"predecessor-version":[{"id":3416,"href":"https:\/\/aerztefueraethiopien.de\/en\/wp-json\/wp\/v2\/pages\/2521\/revisions\/3416"}],"wp:attachment":[{"href":"https:\/\/aerztefueraethiopien.de\/en\/wp-json\/wp\/v2\/media?parent=2521"}],"curies":[{"name":"wp","href":"https:\/\/api.w.org\/{rel}","templated":true}]}}