{"id":2535,"date":"2022-02-23T13:05:28","date_gmt":"2022-02-23T12:05:28","guid":{"rendered":"https:\/\/aerztefueraethiopien.de\/projects\/mothers-and-children-clinic\/"},"modified":"2022-03-02T12:13:46","modified_gmt":"2022-03-02T11:13:46","slug":"mothers-and-children-clinic","status":"publish","type":"page","link":"https:\/\/aerztefueraethiopien.de\/en\/projects\/mothers-and-children-clinic\/","title":{"rendered":"Mothers and Children Clinic"},"content":{"rendered":"\t\t<div data-elementor-type=\"wp-page\" data-elementor-id=\"2535\" class=\"elementor elementor-2535 elementor-22\" data-elementor-post-type=\"page\">\n\t\t\t\t\t\t<section class=\"elementor-section elementor-top-section elementor-element elementor-element-d84845a elementor-section-boxed elementor-section-height-default elementor-section-height-default\" data-id=\"d84845a\" data-element_type=\"section\" data-e-type=\"section\">\n\t\t\t\t\t\t<div class=\"elementor-container elementor-column-gap-default\">\n\t\t\t\t\t<div class=\"elementor-column elementor-col-100 elementor-top-column elementor-element elementor-element-765875b\" data-id=\"765875b\" data-element_type=\"column\" data-e-type=\"column\">\n\t\t\t<div class=\"elementor-widget-wrap elementor-element-populated\">\n\t\t\t\t\t\t<div class=\"elementor-element elementor-element-7e11e6c elementor-widget elementor-widget-heading\" data-id=\"7e11e6c\" data-element_type=\"widget\" data-e-type=\"widget\" data-widget_type=\"heading.default\">\n\t\t\t\t<div class=\"elementor-widget-container\">\n\t\t\t\t\t<h1 class=\"elementor-heading-title elementor-size-default\">Mothers and Children Clinic<\/h1>\t\t\t\t<\/div>\n\t\t\t\t<\/div>\n\t\t\t\t<div class=\"elementor-element elementor-element-35befb3 elementor-widget elementor-widget-text-editor\" data-id=\"35befb3\" data-element_type=\"widget\" data-e-type=\"widget\" data-widget_type=\"text-editor.default\">\n\t\t\t\t<div class=\"elementor-widget-container\">\n\t\t\t\t\t\t\t\t\t<p class=\"MsoNormal\"><strong>Yirgalem General Hospital&#8217;s<\/strong> Mother and Child Clinic was completed in February 2017. The clinic provides medical care to pregnant women, premature babies, newborns, and children. Premature births and expectant mothers suffering from pregnancy-related pre-eclampsia have a high <strong>mortality rate<\/strong> in Ethiopia (hypertension). As a result, we&#8217;ve committed<i> <\/i>to provide all<i> <\/i>of the necessary medical equipment and furnishings to the <strong>mother-child clinic&#8217;s<\/strong> patient rooms, treatment rooms, and operating rooms, in collaboration with our partners.<br \/>The goal is to provide an operating table, intensive care beds, operating room furniture, operating room lamp, operating room cutlery, monitor, oxygen machine, anesthesia equipment, and a CT and ECG to the mother-child clinic.<\/p>\n\t\t\t\t\t\t\t\t<\/div>\n\t\t\t\t<\/div>\n\t\t\t\t<div class=\"elementor-element elementor-element-2162fa3 elementor-widget elementor-widget-gallery\" data-id=\"2162fa3\" data-element_type=\"widget\" data-e-type=\"widget\" data-settings=\"{&quot;lazyload&quot;:&quot;yes&quot;,&quot;gallery_layout&quot;:&quot;grid&quot;,&quot;columns&quot;:4,&quot;columns_tablet&quot;:2,&quot;columns_mobile&quot;:1,&quot;gap&quot;:{&quot;unit&quot;:&quot;px&quot;,&quot;size&quot;:10,&quot;sizes&quot;:[]},&quot;gap_tablet&quot;:{&quot;unit&quot;:&quot;px&quot;,&quot;size&quot;:10,&quot;sizes&quot;:[]},&quot;gap_mobile&quot;:{&quot;unit&quot;:&quot;px&quot;,&quot;size&quot;:10,&quot;sizes&quot;:[]},&quot;link_to&quot;:&quot;file&quot;,&quot;aspect_ratio&quot;:&quot;3:2&quot;,&quot;overlay_background&quot;:&quot;yes&quot;,&quot;content_hover_animation&quot;:&quot;fade-in&quot;}\" data-widget_type=\"gallery.default\">\n\t\t\t\t<div class=\"elementor-widget-container\">\n\t\t\t\t\t\t\t<div class=\"elementor-gallery__container\">\n\t\t\t\t\t\t\t<a class=\"e-gallery-item elementor-gallery-item elementor-animated-content\" href=\"https:\/\/aerztefueraethiopien.de\/wp-content\/uploads\/aerzte_fuer_aethiopien_projekte_mutter-kind-klinik_1000x600px_02.jpg\" data-elementor-open-lightbox=\"yes\" data-elementor-lightbox-slideshow=\"2162fa3\" data-elementor-lightbox-title=\"Doctors for Ethiopia - Mother and Child Clinic\" data-e-action-hash=\"#elementor-action%3Aaction%3Dlightbox%26settings%3DeyJpZCI6MjMwMSwidXJsIjoiaHR0cHM6XC9cL2Flcnp0ZWZ1ZXJhZXRoaW9waWVuLmRlXC93cC1jb250ZW50XC91cGxvYWRzXC9hZXJ6dGVfZnVlcl9hZXRoaW9waWVuX3Byb2pla3RlX211dHRlci1raW5kLWtsaW5pa18xMDAweDYwMHB4XzAyLmpwZyIsInNsaWRlc2hvdyI6IjIxNjJmYTMifQ%3D%3D\">\n\t\t\t\t\t<div class=\"e-gallery-image elementor-gallery-item__image\" data-thumbnail=\"https:\/\/aerztefueraethiopien.de\/wp-content\/uploads\/aerzte_fuer_aethiopien_projekte_mutter-kind-klinik_1000x600px_02-300x180.jpg\" data-width=\"300\" data-height=\"180\" aria-label=\"Doctors for Ethiopia - Mother and Child Clinic\" role=\"img\" ><\/div>\n\t\t\t\t\t\t\t\t\t\t\t<div class=\"elementor-gallery-item__overlay\"><\/div>\n\t\t\t\t\t\t\t\t\t\t\t\t\t\t<\/a>\n\t\t\t\t\t\t\t<a class=\"e-gallery-item elementor-gallery-item elementor-animated-content\" href=\"https:\/\/aerztefueraethiopien.de\/wp-content\/uploads\/aerzte_fuer_aethiopien_projekte_mutter-kind-klinik_1000x600px.jpg\" data-elementor-open-lightbox=\"yes\" data-elementor-lightbox-slideshow=\"2162fa3\" data-elementor-lightbox-title=\"Doctors for Ethiopia - Mother and Child Clinic Examination\" data-e-action-hash=\"#elementor-action%3Aaction%3Dlightbox%26settings%3DeyJpZCI6MjMwMiwidXJsIjoiaHR0cHM6XC9cL2Flcnp0ZWZ1ZXJhZXRoaW9waWVuLmRlXC93cC1jb250ZW50XC91cGxvYWRzXC9hZXJ6dGVfZnVlcl9hZXRoaW9waWVuX3Byb2pla3RlX211dHRlci1raW5kLWtsaW5pa18xMDAweDYwMHB4LmpwZyIsInNsaWRlc2hvdyI6IjIxNjJmYTMifQ%3D%3D\">\n\t\t\t\t\t<div class=\"e-gallery-image elementor-gallery-item__image\" data-thumbnail=\"https:\/\/aerztefueraethiopien.de\/wp-content\/uploads\/aerzte_fuer_aethiopien_projekte_mutter-kind-klinik_1000x600px-300x180.jpg\" data-width=\"300\" data-height=\"180\" aria-label=\"Doctors for Ethiopia - Mother and Child Clinic Examination\" role=\"img\" ><\/div>\n\t\t\t\t\t\t\t\t\t\t\t<div class=\"elementor-gallery-item__overlay\"><\/div>\n\t\t\t\t\t\t\t\t\t\t\t\t\t\t<\/a>\n\t\t\t\t\t\t\t<a class=\"e-gallery-item elementor-gallery-item elementor-animated-content\" href=\"https:\/\/aerztefueraethiopien.de\/wp-content\/uploads\/aerzte_fuer_aethiopien_projekte_mutter-kind-klinik_1000x600px_01.jpg\" data-elementor-open-lightbox=\"yes\" data-elementor-lightbox-slideshow=\"2162fa3\" data-elementor-lightbox-title=\"Doctors for Ethiopia - Mother and Child Clinic Cleaning\" data-e-action-hash=\"#elementor-action%3Aaction%3Dlightbox%26settings%3DeyJpZCI6MjMwMywidXJsIjoiaHR0cHM6XC9cL2Flcnp0ZWZ1ZXJhZXRoaW9waWVuLmRlXC93cC1jb250ZW50XC91cGxvYWRzXC9hZXJ6dGVfZnVlcl9hZXRoaW9waWVuX3Byb2pla3RlX211dHRlci1raW5kLWtsaW5pa18xMDAweDYwMHB4XzAxLmpwZyIsInNsaWRlc2hvdyI6IjIxNjJmYTMifQ%3D%3D\">\n\t\t\t\t\t<div class=\"e-gallery-image elementor-gallery-item__image\" data-thumbnail=\"https:\/\/aerztefueraethiopien.de\/wp-content\/uploads\/aerzte_fuer_aethiopien_projekte_mutter-kind-klinik_1000x600px_01-300x180.jpg\" data-width=\"300\" data-height=\"180\" aria-label=\"Doctors for Ethiopia - Mother and Child Clinic Cleaning\" role=\"img\" ><\/div>\n\t\t\t\t\t\t\t\t\t\t\t<div class=\"elementor-gallery-item__overlay\"><\/div>\n\t\t\t\t\t\t\t\t\t\t\t\t\t\t<\/a>\n\t\t\t\t\t\t\t<a class=\"e-gallery-item elementor-gallery-item elementor-animated-content\" href=\"https:\/\/aerztefueraethiopien.de\/wp-content\/uploads\/aerzte_fuer_aethiopien_projekte_mutter-kind-klinik_1000x600px_03.jpg\" data-elementor-open-lightbox=\"yes\" data-elementor-lightbox-slideshow=\"2162fa3\" data-elementor-lightbox-title=\"\u00c4rzte f\u00fcr \u00c4thiopien - Mutter-Kind-Klinik\" data-e-action-hash=\"#elementor-action%3Aaction%3Dlightbox%26settings%3DeyJpZCI6MjMxNSwidXJsIjoiaHR0cHM6XC9cL2Flcnp0ZWZ1ZXJhZXRoaW9waWVuLmRlXC93cC1jb250ZW50XC91cGxvYWRzXC9hZXJ6dGVfZnVlcl9hZXRoaW9waWVuX3Byb2pla3RlX211dHRlci1raW5kLWtsaW5pa18xMDAweDYwMHB4XzAzLmpwZyIsInNsaWRlc2hvdyI6IjIxNjJmYTMifQ%3D%3D\">\n\t\t\t\t\t<div class=\"e-gallery-image elementor-gallery-item__image\" data-thumbnail=\"https:\/\/aerztefueraethiopien.de\/wp-content\/uploads\/aerzte_fuer_aethiopien_projekte_mutter-kind-klinik_1000x600px_03-300x180.jpg\" data-width=\"300\" data-height=\"180\" aria-label=\"Doctors for Ethiopia - Mother and Child Clinic\" role=\"img\" ><\/div>\n\t\t\t\t\t\t\t\t\t\t\t<div class=\"elementor-gallery-item__overlay\"><\/div>\n\t\t\t\t\t\t\t\t\t\t\t\t\t\t<\/a>\n\t\t\t\t\t<\/div>\n\t\t\t\t\t<\/div>\n\t\t\t\t<\/div>\n\t\t\t\t\t<\/div>\n\t\t<\/div>\n\t\t\t\t\t<\/div>\n\t\t<\/section>\n\t\t\t\t<\/div>\n\t\t","protected":false},"excerpt":{"rendered":"<p>Mothers and Children Clinic Yirgalem General Hospital&#8217;s Mother and Child Clinic was completed in February 2017. The clinic provides medical care to pregnant women, premature babies, newborns, and children. Premature births and expectant mothers suffering from pregnancy-related pre-eclampsia have a high mortality rate in Ethiopia (hypertension). As a result, we&#8217;ve committed to provide all of [&hellip;]<\/p>\n","protected":false},"author":1,"featured_media":0,"parent":2517,"menu_order":0,"comment_status":"closed","ping_status":"closed","template":"elementor_header_footer","meta":{"footnotes":""},"class_list":["post-2535","page","type-page","status-publish","hentry"],"yoast_head":"<!-- This site is optimized with the Yoast SEO plugin v27.4 - https:\/\/yoast.com\/product\/yoast-seo-wordpress\/ -->\n<title>Mothers and Children Clinic - \u00c4rzte f\u00fcr \u00c4thiopien e.V.<\/title>\n<meta name=\"robots\" content=\"index, follow, max-snippet:-1, max-image-preview:large, max-video-preview:-1\" \/>\n<link rel=\"canonical\" href=\"https:\/\/aerztefueraethiopien.de\/en\/projects\/mothers-and-children-clinic\/\" \/>\n<meta property=\"og:locale\" content=\"en_US\" \/>\n<meta property=\"og:type\" content=\"article\" \/>\n<meta property=\"og:title\" content=\"Mothers and Children Clinic - \u00c4rzte f\u00fcr \u00c4thiopien e.V.\" \/>\n<meta property=\"og:description\" content=\"Mothers and Children Clinic Yirgalem General Hospital&#8217;s Mother and Child Clinic was completed in February 2017. The clinic provides medical care to pregnant women, premature babies, newborns, and children. Premature births and expectant mothers suffering from pregnancy-related pre-eclampsia have a high mortality rate in Ethiopia (hypertension). As a result, we&#8217;ve committed to provide all of [&hellip;]\" \/>\n<meta property=\"og:url\" content=\"https:\/\/aerztefueraethiopien.de\/en\/projects\/mothers-and-children-clinic\/\" \/>\n<meta property=\"og:site_name\" content=\"\u00c4rzte f\u00fcr \u00c4thiopien e.V.\" \/>\n<meta property=\"article:modified_time\" content=\"2022-03-02T11:13:46+00:00\" \/>\n<meta name=\"twitter:card\" content=\"summary_large_image\" \/>\n<meta name=\"twitter:label1\" content=\"Est. reading time\" \/>\n\t<meta name=\"twitter:data1\" content=\"1 minute\" \/>\n<script type=\"application\/ld+json\" class=\"yoast-schema-graph\">{\"@context\":\"https:\\\/\\\/schema.org\",\"@graph\":[{\"@type\":\"WebPage\",\"@id\":\"https:\\\/\\\/aerztefueraethiopien.de\\\/en\\\/projects\\\/mothers-and-children-clinic\\\/\",\"url\":\"https:\\\/\\\/aerztefueraethiopien.de\\\/en\\\/projects\\\/mothers-and-children-clinic\\\/\",\"name\":\"Mothers and Children Clinic - \u00c4rzte f\u00fcr \u00c4thiopien e.V.\",\"isPartOf\":{\"@id\":\"https:\\\/\\\/aerztefueraethiopien.de\\\/en\\\/#website\"},\"datePublished\":\"2022-02-23T12:05:28+00:00\",\"dateModified\":\"2022-03-02T11:13:46+00:00\",\"breadcrumb\":{\"@id\":\"https:\\\/\\\/aerztefueraethiopien.de\\\/en\\\/projects\\\/mothers-and-children-clinic\\\/#breadcrumb\"},\"inLanguage\":\"en-US\",\"potentialAction\":[{\"@type\":\"ReadAction\",\"target\":[\"https:\\\/\\\/aerztefueraethiopien.de\\\/en\\\/projects\\\/mothers-and-children-clinic\\\/\"]}]},{\"@type\":\"BreadcrumbList\",\"@id\":\"https:\\\/\\\/aerztefueraethiopien.de\\\/en\\\/projects\\\/mothers-and-children-clinic\\\/#breadcrumb\",\"itemListElement\":[{\"@type\":\"ListItem\",\"position\":1,\"name\":\"Homepage\",\"item\":\"https:\\\/\\\/aerztefueraethiopien.de\\\/en\\\/\"},{\"@type\":\"ListItem\",\"position\":2,\"name\":\"Projects\",\"item\":\"https:\\\/\\\/aerztefueraethiopien.de\\\/en\\\/projekte\\\/\"},{\"@type\":\"ListItem\",\"position\":3,\"name\":\"Mothers and Children Clinic\"}]},{\"@type\":\"WebSite\",\"@id\":\"https:\\\/\\\/aerztefueraethiopien.de\\\/en\\\/#website\",\"url\":\"https:\\\/\\\/aerztefueraethiopien.de\\\/en\\\/\",\"name\":\"\u00c4rzte f\u00fcr \u00c4thiopien e.V.\",\"description\":\"Doctors for Ethiopia\",\"publisher\":{\"@id\":\"https:\\\/\\\/aerztefueraethiopien.de\\\/en\\\/#organization\"},\"potentialAction\":[{\"@type\":\"SearchAction\",\"target\":{\"@type\":\"EntryPoint\",\"urlTemplate\":\"https:\\\/\\\/aerztefueraethiopien.de\\\/en\\\/?s={search_term_string}\"},\"query-input\":{\"@type\":\"PropertyValueSpecification\",\"valueRequired\":true,\"valueName\":\"search_term_string\"}}],\"inLanguage\":\"en-US\"},{\"@type\":\"Organization\",\"@id\":\"https:\\\/\\\/aerztefueraethiopien.de\\\/en\\\/#organization\",\"name\":\"\u00c4rzte f\u00fcr \u00c4thiopien\",\"url\":\"https:\\\/\\\/aerztefueraethiopien.de\\\/en\\\/\",\"logo\":{\"@type\":\"ImageObject\",\"inLanguage\":\"en-US\",\"@id\":\"https:\\\/\\\/aerztefueraethiopien.de\\\/en\\\/#\\\/schema\\\/logo\\\/image\\\/\",\"url\":\"https:\\\/\\\/aerztefueraethiopien.de\\\/wp-content\\\/uploads\\\/doctors-for-ethiopia-logo.png\",\"contentUrl\":\"https:\\\/\\\/aerztefueraethiopien.de\\\/wp-content\\\/uploads\\\/doctors-for-ethiopia-logo.png\",\"width\":180,\"height\":145,\"caption\":\"\u00c4rzte f\u00fcr \u00c4thiopien\"},\"image\":{\"@id\":\"https:\\\/\\\/aerztefueraethiopien.de\\\/en\\\/#\\\/schema\\\/logo\\\/image\\\/\"}}]}<\/script>\n<!-- \/ Yoast SEO plugin. -->","yoast_head_json":{"title":"Mothers and Children Clinic - \u00c4rzte f\u00fcr \u00c4thiopien e.V.","robots":{"index":"index","follow":"follow","max-snippet":"max-snippet:-1","max-image-preview":"max-image-preview:large","max-video-preview":"max-video-preview:-1"},"canonical":"https:\/\/aerztefueraethiopien.de\/en\/projects\/mothers-and-children-clinic\/","og_locale":"en_US","og_type":"article","og_title":"Mothers and Children Clinic - \u00c4rzte f\u00fcr \u00c4thiopien e.V.","og_description":"Mothers and Children Clinic Yirgalem General Hospital&#8217;s Mother and Child Clinic was completed in February 2017. The clinic provides medical care to pregnant women, premature babies, newborns, and children. Premature births and expectant mothers suffering from pregnancy-related pre-eclampsia have a high mortality rate in Ethiopia (hypertension). As a result, we&#8217;ve committed to provide all of [&hellip;]","og_url":"https:\/\/aerztefueraethiopien.de\/en\/projects\/mothers-and-children-clinic\/","og_site_name":"\u00c4rzte f\u00fcr \u00c4thiopien e.V.","article_modified_time":"2022-03-02T11:13:46+00:00","twitter_card":"summary_large_image","twitter_misc":{"Est. reading time":"1 minute"},"schema":{"@context":"https:\/\/schema.org","@graph":[{"@type":"WebPage","@id":"https:\/\/aerztefueraethiopien.de\/en\/projects\/mothers-and-children-clinic\/","url":"https:\/\/aerztefueraethiopien.de\/en\/projects\/mothers-and-children-clinic\/","name":"Mothers and Children Clinic - \u00c4rzte f\u00fcr \u00c4thiopien e.V.","isPartOf":{"@id":"https:\/\/aerztefueraethiopien.de\/en\/#website"},"datePublished":"2022-02-23T12:05:28+00:00","dateModified":"2022-03-02T11:13:46+00:00","breadcrumb":{"@id":"https:\/\/aerztefueraethiopien.de\/en\/projects\/mothers-and-children-clinic\/#breadcrumb"},"inLanguage":"en-US","potentialAction":[{"@type":"ReadAction","target":["https:\/\/aerztefueraethiopien.de\/en\/projects\/mothers-and-children-clinic\/"]}]},{"@type":"BreadcrumbList","@id":"https:\/\/aerztefueraethiopien.de\/en\/projects\/mothers-and-children-clinic\/#breadcrumb","itemListElement":[{"@type":"ListItem","position":1,"name":"Homepage","item":"https:\/\/aerztefueraethiopien.de\/en\/"},{"@type":"ListItem","position":2,"name":"Projects","item":"https:\/\/aerztefueraethiopien.de\/en\/projekte\/"},{"@type":"ListItem","position":3,"name":"Mothers and Children Clinic"}]},{"@type":"WebSite","@id":"https:\/\/aerztefueraethiopien.de\/en\/#website","url":"https:\/\/aerztefueraethiopien.de\/en\/","name":"\u00c4rzte f\u00fcr \u00c4thiopien e.V.","description":"Doctors for Ethiopia","publisher":{"@id":"https:\/\/aerztefueraethiopien.de\/en\/#organization"},"potentialAction":[{"@type":"SearchAction","target":{"@type":"EntryPoint","urlTemplate":"https:\/\/aerztefueraethiopien.de\/en\/?s={search_term_string}"},"query-input":{"@type":"PropertyValueSpecification","valueRequired":true,"valueName":"search_term_string"}}],"inLanguage":"en-US"},{"@type":"Organization","@id":"https:\/\/aerztefueraethiopien.de\/en\/#organization","name":"\u00c4rzte f\u00fcr \u00c4thiopien","url":"https:\/\/aerztefueraethiopien.de\/en\/","logo":{"@type":"ImageObject","inLanguage":"en-US","@id":"https:\/\/aerztefueraethiopien.de\/en\/#\/schema\/logo\/image\/","url":"https:\/\/aerztefueraethiopien.de\/wp-content\/uploads\/doctors-for-ethiopia-logo.png","contentUrl":"https:\/\/aerztefueraethiopien.de\/wp-content\/uploads\/doctors-for-ethiopia-logo.png","width":180,"height":145,"caption":"\u00c4rzte f\u00fcr \u00c4thiopien"},"image":{"@id":"https:\/\/aerztefueraethiopien.de\/en\/#\/schema\/logo\/image\/"}}]}},"_links":{"self":[{"href":"https:\/\/aerztefueraethiopien.de\/en\/wp-json\/wp\/v2\/pages\/2535","targetHints":{"allow":["GET"]}}],"collection":[{"href":"https:\/\/aerztefueraethiopien.de\/en\/wp-json\/wp\/v2\/pages"}],"about":[{"href":"https:\/\/aerztefueraethiopien.de\/en\/wp-json\/wp\/v2\/types\/page"}],"author":[{"embeddable":true,"href":"https:\/\/aerztefueraethiopien.de\/en\/wp-json\/wp\/v2\/users\/1"}],"replies":[{"embeddable":true,"href":"https:\/\/aerztefueraethiopien.de\/en\/wp-json\/wp\/v2\/comments?post=2535"}],"version-history":[{"count":6,"href":"https:\/\/aerztefueraethiopien.de\/en\/wp-json\/wp\/v2\/pages\/2535\/revisions"}],"predecessor-version":[{"id":2714,"href":"https:\/\/aerztefueraethiopien.de\/en\/wp-json\/wp\/v2\/pages\/2535\/revisions\/2714"}],"up":[{"embeddable":true,"href":"https:\/\/aerztefueraethiopien.de\/en\/wp-json\/wp\/v2\/pages\/2517"}],"wp:attachment":[{"href":"https:\/\/aerztefueraethiopien.de\/en\/wp-json\/wp\/v2\/media?parent=2535"}],"curies":[{"name":"wp","href":"https:\/\/api.w.org\/{rel}","templated":true}]}}